{"id":747,"date":"2023-12-01T07:22:29","date_gmt":"2023-12-01T06:22:29","guid":{"rendered":"https:\/\/events.i-med.ac.at\/all\/?page_id=747"},"modified":"2023-12-01T07:22:54","modified_gmt":"2023-12-01T06:22:54","slug":"datenschutzerklaerung","status":"publish","type":"page","link":"https:\/\/events.i-med.ac.at\/all\/datenschutzerklaerung\/","title":{"rendered":"Datenschutz\u00aderkl\u00e4rung"},"content":{"rendered":"\n<div class=\"wp-block-group container pt-5\"><div class=\"wp-block-group__inner-container is-layout-constrained wp-block-group-is-layout-constrained\">\n<h2 class=\"wp-block-heading\">Datenschutz\u00aderkl\u00e4rung<\/h2>\n\n\n\n<h3 class=\"wp-block-heading\">Allgemeines<\/h3>\n\n\n\n<p>Die Themen Datenschutz und Informationssicherheit sind f\u00fcr die Medizinische Universit\u00e4t Innsbruck die Basis f\u00fcr eine stabile und erfolgreiche Beziehung zu den Usern unserer Websites und bilden einen hohen Stellenwert im Unternehmen. Diese Erkl\u00e4rung beschreibt, wie die Medizinische Universit\u00e4t Innsbruck ihre Daten im Zusammenhang mit dieser Website verarbeitet.<\/p>\n\n\n\n<p>Die Medizinische Universit\u00e4t Innsbruck beachtet beim Umgang mit personenbezogenen Daten alle datenschutzrechtlichen Vorschriften in der jeweils g\u00fcltigen Fassung. Des Weiteren hat die Medizinische Universit\u00e4t Innsbruck im eigenen Verantwortungsbereich die f\u00fcr einen angemessenen Datenschutz erforderlichen technischen und organisatorischen Ma\u00dfnahmen getroffen.<\/p>\n\n\n\n<p>Die Medizinische Universit\u00e4t Innsbruck verpflichtet sich, die rechtlichen Datenschutzbestimmungen einzuhalten, ist jedoch nicht verantwortlich, wenn es Dritten \u2013 trotz aller Sicherheitsma\u00dfnahmen \u2013 dennoch gelingt, sich auf rechtswidrige Weise Zugang zu Daten und Informationen zu verschaffen.<\/p>\n\n\n\n<p>Es wird darauf hingewiesen, dass ein l\u00fcckenloser Schutz von Daten vor dem Zugriff durch unbefugte Dritte nicht m\u00f6glich ist.<br>Die Medizinische Universit\u00e4t Innsbruck setzt entsprechend Art 32 EU-DSGVO alle erforderlichen und verh\u00e4ltnism\u00e4\u00dfigen Ma\u00dfnahmen technischer und organisatorischer Art ein, um ein angemessenes Schutzniveau zu gew\u00e4hrleisten. Die Ma\u00dfnahmen werden regelm\u00e4\u00dfig \u00fcberpr\u00fcft sowie aktualisiert und dem jeweiligen Stand der Technik angepasst. Trotz dieser Ma\u00dfnahmen kann die Medizinische Universit\u00e4t Innsbruck nicht gew\u00e4hrleisten, dass einzelne Systeme und Services immer uneingeschr\u00e4nkt und unterbrechungsfrei zur Verf\u00fcgung stehen.<\/p>\n\n\n\n<h3 class=\"wp-block-heading\">Zweck der Verarbeitung personenbezogener Daten<\/h3>\n\n\n\n<p>Ihre personenbezogenen Daten werden iSv Art 6 Abs 1 DSGVO nur zu folgenden Zwecken verarbeitet:<\/p>\n\n\n\n<ul class=\"wp-block-list\">\n<li>Um die Website zur Verf\u00fcgung zu stellen<\/li>\n\n\n\n<li>Um auf Anfragen zu antworten<\/li>\n\n\n\n<li>Um Nutzungsstatistiken erstellen zu k\u00f6nnen<\/li>\n\n\n\n<li>Zur Auftragsverarbeitung<\/li>\n<\/ul>\n\n\n\n<p>Weiters werden Ihre personenbezogenen Daten nur solange gespeichert, wie es f\u00fcr die Erreichung des jeweiligen Zwecks erforderlich bzw. im Rahmen gesetzlicher Aufbewahrungsfristen notwendig ist.<\/p>\n\n\n\n<p>Soweit f\u00fcr die rechtm\u00e4\u00dfige Verarbeitung Ihrer Daten eine Einwilligung erforderlich ist, werden wir vor der Verarbeitung Ihre ausdr\u00fcckliche Einwilligung einholen.<\/p>\n\n\n\n<h3 class=\"wp-block-heading\">Daten, die von der Medizinischen Universit\u00e4t Innsbruck verarbeitet werden<\/h3>\n\n\n\n<p>Die Medizinische Universit\u00e4t Innsbruck wird im Zuge Ihres Besuches auf dieser Website folgende Informationen erheben:<\/p>\n\n\n\n<ul class=\"wp-block-list\">\n<li>Browsertyp, \u2013version und Spracheinstellung<\/li>\n\n\n\n<li>Modellbezeichnung des Endger\u00e4tes und eine generische Ger\u00e4tekennung<\/li>\n\n\n\n<li>Verwendetes Betriebssystem<\/li>\n\n\n\n<li>Website, von der aus der Benutzer die Website der die Medizinische Universit\u00e4t Innsbruck besucht (Referrer URL)<\/li>\n\n\n\n<li>Website, die der Benutzer besucht<\/li>\n\n\n\n<li>Datum und Uhrzeit des Zugriffs<\/li>\n\n\n\n<li>Anonymisierte IP-Adresse des Rechners des Benutzers<\/li>\n\n\n\n<li>S\u00e4mtliche Informationen, die durch das Ausf\u00fcllen eines Kontaktformulars\/Registrierung auf unserer Website zur Verf\u00fcgung gestellt wurden<\/li>\n<\/ul>\n\n\n\n<p>Diese Daten werden grunds\u00e4tzlich anonymisiert zu statistischen Zwecken ausgewertet, um die Angebote auf der Website der Medizinischen Universit\u00e4t Innsbruck optimieren zu k\u00f6nnen. Zus\u00e4tzlich werden diese Daten mit Hilfe des den Open Source Tools Matomo, welches von der Medizinischen Universit\u00e4t Innsbruck selbst betrieben wird, gespeichert, sofern keine rechtliche Verpflichtung diese zu behalten dem entgegensteht. Zugleich kann eine l\u00e4ngere Speicherung erfolgen, soweit dies erforderlich ist, um festgestellte Angriffe auf die Website zu untersuchen.<br>Die uns durch Ausf\u00fcllen eines Kontaktformulars\/Registrierung zur Verf\u00fcgung gestellten Informationen werden nach Zweckerf\u00fcllung wieder gel\u00f6scht, soweit rechtliche Verpflichtungen\/Interessen dem nicht entgegenstehen.<\/p>\n\n\n\n<h3 class=\"wp-block-heading\">Cookies<\/h3>\n\n\n\n<p>Damit Sie das Webangebot der Medizinischen Universit\u00e4t Innsbruck ohne Einschr\u00e4nkung nutzen k\u00f6nnen, werden sogenannte \u201eCookies\u201d verwendet. Cookies sind kleine Dateien, die eine Wiedererkennung des Nutzers und eine Analyse Ihrer Nutzung unserer Website erm\u00f6glichen. In diesen Dateien wird eine zuf\u00e4llig erzeugte eindeutige Identifikationsnummer abgelegt. Au\u00dferdem enth\u00e4lt ein Cookie die Angabe \u00fcber seine Herkunft und die Speicherfrist. Cookies k\u00f6nnen auf keine anderen Daten auf Ihren Computer zugreifen, diese lesen oder ver\u00e4ndern.<\/p>\n\n\n\n<p>Von den gesetzten Cookies geht keine Gefahr f\u00fcr das Computersystem des Nutzers aus, da diese keinen Schaden verursachen und auch keine Viren o.\u00e4. enthalten. Die meisten Cookies auf dieser Website werden automatisch gel\u00f6scht (Session-Cookies). Die Medizinische Universit\u00e4t Innsbruck verwendet zugleich auch dauerhafte Cookies, um Sie wieder zu erkennen, wenn Sie die Website der Medizinischen Universit\u00e4t Innsbruck erneut besuchen. Diese dauerhaften Cookies k\u00f6nnen Sie jederzeit manuell in Ihrem Browser l\u00f6schen.<\/p>\n\n\n\n<p>Der Einsatz von Cookies kann durch entsprechende Einstellungen des Browsers unterbunden werden. Sofern Ihr Browser die \u201eDo-Not-Track\u201c-Technik unterst\u00fctzt und Sie diese aktiviert haben, wird \u00fcber Ihren Besuch kein Nutzungsprofil erstellt. Bitte beachten Sie, dass durch das Blockieren oder L\u00f6schen von Cookies Ihre Online-Erfahrung beeintr\u00e4chtigt werden und Sie daran hindern k\u00f6nnte, diese Website vollst\u00e4ndig zu nutzen.<\/p>\n\n\n\n<h3 class=\"wp-block-heading\">Informationen \u00fcber unsere Facebook-Seite<\/h3>\n\n\n\n<p>Der Europ\u00e4ische Gerichtshof (EuGH) hat in seinem Urteil vom 5. Juni 2018, C-210\/16, entschieden, dass der Betreiber einer Facebook-Fanseite (Facebook-Fanpage) gemeinsam mit Facebook f\u00fcr die Verarbeitung der personenbezogenen Daten der Besucher seiner Seite verantwortlich ist. Dieses Urteil ist abrufbar unter: https:\/\/eur-lex.europa.eu\/legal-content\/DE\/TXT\/PDF\/?uri=CELEX:62016CJ0210&amp;from=DE. Die Pressemitteilung finden Sie unter: https:\/\/curia.europa.eu\/jcms\/upload\/docs\/application\/pdf\/2018-06\/cp180081de.pdf.<\/p>\n\n\n\n<p>\u201eFanpages sind Benutzerkonten, die bei Facebook von Privatpersonen oder Unternehmen eingerichtet werden k\u00f6nnen. Der Fanpage-Anbieter kann nach einer Registrierung bei Facebook die von dieser unterhaltenen Plattform dazu benutzen, sich den Nutzern dieses sozialen Netzwerks sowie Personen, die die Fanpage besuchen, zu pr\u00e4sentieren und \u00c4u\u00dferungen aller Art in den Medien- und Meinungsmarkt einzubringen. Die Betreiber von Fanpages k\u00f6nnen mit Hilfe der Funktion Facebook Insight, die ihnen Facebook als nicht abdingbaren Teil des Benutzungsverh\u00e4ltnisses kostenfrei zur Verf\u00fcgung stellt, anonymisierte statistische Daten betreffend die Nutzer dieser Seiten erhalten. Diese Daten werden mit Hilfe sogenannter Cookies gesammelt, die jeweils einen eindeutigen Benutzercode enthalten, der f\u00fcr zwei Jahre aktiv ist und den Facebook auf der Festplatte des Computers oder einem anderen Datentr\u00e4ger der Besucher der Fanpage speichert. Der Benutzercode, der mit den Anmeldungsdaten solcher Nutzer, die bei Facebook registriert sind, verkn\u00fcpft werden kann, wird beim Aufrufen der Fanpages erhoben und verarbeitet.\u201c (C-210\/16, Rn 15)<\/p>\n\n\n\n<p>Facebook stellt unter folgendem Link Informationen zur Facebook Insight zur Verf\u00fcgung: https:\/\/www.facebook.com\/business\/a\/page\/page-insights.<\/p>\n\n\n\n<p>Die Datenrichtlinie von Facebook enth\u00e4lt ausf\u00fchrliche Informationen zur Datenverarbeitung: https:\/\/www.facebook.com\/about\/privacy\/.<\/p>\n\n\n\n<p>Eine Erg\u00e4nzung von Facebook bez\u00fcglich des Verantwortlichen bei Seiten-Insights findet sich unter: https:\/\/www.facebook.com\/legal\/terms\/page_controller_addendum.<\/p>\n\n\n\n<p>Gemeinsam Verantwortliche f\u00fcr den Betrieb der Facebook-Seite der Medizinischen Universit\u00e4t Innsbruck sind daher im Sinne der EU-Datenschutz-Grundverordnung sowie sonstiger datenschutzrechtlicher Bestimmungen die<\/p>\n\n\n\n<p>Facebook Ireland Ltd. (nachfolgend \u201eFacebook\u201c)<br>4 Grand Canal Square<br>Grand Canal Harbour<br>Dublin 2<br>Irland<\/p>\n\n\n\n<p>und die<\/p>\n\n\n\n<p>Medizinische Universit\u00e4t Innsbruck<br>Innrain 52<br>A-6020 Innsbruck<\/p>\n\n\n\n<p>Facebook Inc., der US-amerikanische Mutterkonzern der Facebook Ireland Ltd. ist unter dem EU \u2013 U.S. Privacy-Shield zertifiziert und gibt damit die Zusage, sich an europ\u00e4ische Datenschutzrichtlinien zu halten. Weitere Informationen zum Privacy-Shield-Status von Facebook gibt es hier: https:\/\/www.privacyshield.gov\/participant?id=a2zt0000000GnywAAC&amp;status=Active.<\/p>\n\n\n\n<p>Die \u00dcbermittlung und weitere Verarbeitung personenbezogener Daten der Benutzerinnen und Benutzer in Drittl\u00e4nder, wie z.B. die USA, sowie die damit verbundenen eventuellen Risiken k\u00f6nnen von uns als Betreiberin der Seite nicht ausgeschlossen werden.<\/p>\n\n\n\n<p>Wir betreiben unsere Facebook-Fanpage https:\/\/www.facebook.com\/MedUniIBK, um auf die Leistungen unserer Universit\u00e4t aufmerksam zu machen und um mit Ihnen als Benutzerinnen und Benutzer dieser Fanpage sowie unserer Webseite in Kontakt zu treten. Wir als Betreiberin der Facebook-Seite haben kein Interesse an der Erhebung und weiteren Verarbeitung Ihrer individuellen personenbezogenen Daten zu Analyse- oder Marketing- oder Vertriebszwecken. Der Betrieb unserer Facebook-Site unter Einbezug der Verarbeitung der personenbezogenen Daten der Nutzerinnen und Nutzer erfolgt auf Grundlage unserer berechtigten Interessen an einer zeitgem\u00e4\u00dfen und unterst\u00fctzenden Informations- und Interaktionsm\u00f6glichkeit f\u00fcr und mit unseren Nutzerinnen und Nutzer gem\u00e4\u00df Art. 6 Abs. 1 lit. f DSGVO.<\/p>\n\n\n\n<p>Da nur Facebook den vollst\u00e4ndigen Zugriff auf die Benutzerdaten hat, empfehlen wir Ihnen, sich direkt an Facebook zu wenden, wenn Sie Auskunftsanfragen oder andere Fragen zu Ihren Rechten haben. Informationen finden Sie unter: https:\/\/www.facebook.com\/about\/privacy\/. Sollten Sie dabei Unterst\u00fctzung ben\u00f6tigen oder anderweitige Fragen haben, kontaktieren Sie uns bitte.<\/p>\n\n\n\n<p>\u00dcber Einstellungen bei Facebook, speziell \u00fcber sogenannte \u201eFacebook-Insights\u201c, sind statistische Daten unterschiedlicher Kategorien f\u00fcr uns abrufbar. Diese Statistiken werden durch Facebook erzeugt und uns als Fanpage-Betreiber bereitgestellt. Auf die Erzeugung und Darstellung haben wir als Betreiberin der Site keinen Einfluss. Wir k\u00f6nnen diese Funktion nicht abstellen oder die Erzeugung und Verarbeitung der Daten nicht verhindern. F\u00fcr einen w\u00e4hlbaren Zeitraum sowie jeweils f\u00fcr die Kategorien Fans, Abonnenten, erreichte Personen und interagierende Personen werden auf unsere Facebook-Fanpage bezogen nachfolgende Daten durch Facebook bereitgestellt: Anzahl der Abonnenten, Anzahl der neuen Abonnenten, Name und Profilinformationen der Abonnenten, Interaktionen der Abonnenten mit von uns als Betreiber publizierter Beitr\u00e4ge, Handlungen von Abonnenten auf unserer Facebook-Site, Erw\u00e4hnungen unserer Facebook-Fanpage in Beitr\u00e4gen, Kommentaren oder Empfehlungen durch User und Abonnenten, beliebte Tage und Zeiten von Interaktionen, beliebteste Beitr\u00e4ge, Verteilung der Abonnenten nach Geschlecht und Alter sowie nach deren Land und Ort. Durch die st\u00e4ndige Entwicklung von Facebook ver\u00e4ndert sich die Verf\u00fcgbarkeit und die Aufbereitung der Daten, sodass wir f\u00fcr weitere Details dazu auf die Datenrichtlinie von Facebook verweisen.<\/p>\n\n\n\n<p>Wir nutzen diese Daten, um unsere zuk\u00fcnftigen Facebook-Beitr\u00e4ge und -Aktivit\u00e4ten f\u00fcr die Benutzerinnen und Benutzer attraktiver zu gestalten. So analysieren wir z.B. die Informationen \u00fcber Reichweiten und Interaktionen auf unsere Facebook-Beitr\u00e4ge zur kontinuierlichen Verbesserung der inhaltlichen Aufarbeitung unserer Beitr\u00e4ge. Entsprechend der Facebook-Nutzungsbedingungen, denen jeder Benutzer im Rahmen der Erstellung eines Facebook-Profils zugestimmt hat, k\u00f6nnen wir die Mitglieder der Gruppe identifizieren und deren Profile sowie weitere geteilte Informationen von den Mitgliedern einsehen.<\/p>\n\n\n\n<h3 class=\"wp-block-heading\">Informationen \u00fcber unsere Twitter-Seite<\/h3>\n\n\n\n<p>Die Twitter Datenschutzrichtlinie finden Sie unter dem Link:<\/p>\n\n\n\n<figure class=\"wp-block-embed\"><div class=\"wp-block-embed__wrapper\">\nhttps:\/\/twitter.com\/de\/privacy\n<\/div><\/figure>\n\n\n\n<p>Wir weisen darauf hin, dass die auf der Twitter Seite ver\u00f6ffentlichten Tweets und Kommentare der Medizinischen Universit\u00e4t Innsbruck auf Grund unseres \u00fcberwiegenden berechtigten Interesses zu Zwecken der Information, Dokumentation, Kommunikation und Reputation der Medizinischen Universit\u00e4t Innsbruck ohne finanzielle Abgeltung erfolgen. Falls Sie Fragen oder Anliegen zu den unten angef\u00fchrten Rechten haben, bitten wir Sie, sich mit uns in Verbindung zu setzen.<\/p>\n\n\n\n<p>Informationen zu den Tweets finden Sie hier: https:\/\/help.twitter.com\/de\/using-twitter#tweets<\/p>\n\n\n\n<h3 class=\"wp-block-heading\">Informationen \u00fcber unsere Instagram-Seite<\/h3>\n\n\n\n<p>Die Instagram-Datenschutzrichtlinie finden Sie unter dem Link: https:\/\/help.instagram.com\/519522125107875<br>Wir weisen darauf hin, dass die auf Instagram ver\u00f6ffentlichten Bilder und \/ oder Videos samt Kommentaren der Medizinischen Universit\u00e4t Innsbruck auf Grund unseres \u00fcberwiegenden berechtigten Interesses zu Zwecken der Information, Dokumentation, Kommunikation und Reputation der Medizinischen Universit\u00e4t Innsbruck ohne finanzielle Abgeltung verwendet werden. Falls Sie Fragen oder Anliegen zu den unten angef\u00fchrten Rechten haben, bitten wir Sie, sich mit uns in Verbindung zu setzen.<\/p>\n\n\n\n<h3 class=\"wp-block-heading\">YouTube-Videos<\/h3>\n\n\n\n<p>Auf unserer Website sind YouTube-Videos eingebunden, die auf \u201ewww.youtube.com\u201c gespeichert und von unserer Website direkt abspielbar sind. Hierbei nutzen wir die von YouTube zur Verf\u00fcgung gestellte Option \u201eerweiterter Datenschutzmodus\u201c, d.h. dass keine Daten \u00fcber Sie als Nutzer an YouTube \u00fcbertragen werden, wenn Sie die Videos nicht abspielen. Erst wenn Sie die Videos abspielen, werden auf Ihrem Rechner YouTube-Cookies gespeichert und Daten an den YouTube-Betreiber Google Inc., 1600 Amphitheatre Parkway, Mountain View, CA 94043, USA (\u201eGoogle\u201c), \u00fcbertragen. Sofern Sie bei YouTube gespeicherte Videos abspielen, werden mindestens folgende Daten an Google \u00fcbertragen: IP-Adresse und Cookie-ID, die spezifische Adresse der bei uns aufgerufenen Seite, Spracheinstellung des Browsers, Systemdatum und Zeit des Aufrufs sowie Kennung Ihres Browsers. Die Daten\u00fcbertragung erfolgt unabh\u00e4ngig davon, ob Sie \u00fcber ein Nutzerkonto bei YouTube eingeloggt sind oder ob f\u00fcr Sie kein Nutzerkonto besteht. Sind Sie eingeloggt, werden diese Daten direkt Ihrem Konto zugeordnet. Sie k\u00f6nnen diese Zuordnung verhindern, indem Sie sich vor Aktivierung des Start-Buttons ausloggen. Google speichert diese Daten als Nutzungsprofile und nutzt diese f\u00fcr Zwecke der Werbung, Marktforschung und\/oder bedarfsgerechten Gestaltung seiner Website. Gegen die Erstellung dieser Nutzungsprofile steht Ihnen ein Widerspruchsrecht zu, dass Sie direkt an Google als Betreiber von YouTube richten m\u00fcssen. Weitere Informationen zum Datenschutz von YouTube stellt Google auf www.google.at\/intl\/de\/policies\/privacy\/ zur Verf\u00fcgung. Mit Abspielen der YouTube-Videos erkl\u00e4ren Sie sich mit der Datenverarbeitung durch Google einverstanden. Abgesehen von einer statistischen Nutzerauswertung findet eine weitere Verarbeitung der betroffenen Daten durch die Medizinische Universit\u00e4t Innsbruck nicht statt.<\/p>\n\n\n\n<h3 class=\"wp-block-heading\">Vimeo-Videos<\/h3>\n\n\n\n<p>Auf unserer Lernplattform \u201eILIAS\u201c werden Schulungsvideos \u00fcber den Dienst Vimeo, Inc., 555 West 18th Street, New York, New York 10011, eingebettet. Sofern Sie gespeicherte Videos abspielen, werden von Vimeo, Inc., automatisch bestimmte Arten von Daten erhoben und zwar unabh\u00e4ngig davon, ob Sie ein Konto bei Vimeo, Inc., haben oder nicht. Zu diesen Daten geh\u00f6ren Ihre IP-Adresse, technische Informationen zu Ihrem Ger\u00e4t (z. B. Browsertyp, Betriebssystem, grundlegende Ger\u00e4teinformationen), die von Ihnen besuchte Webseite oder Ihre Aktivit\u00e4ten. Vimeo, Inc., nutzt diese Daten f\u00fcr den Betrieb und die Verbesserung seiner Dienstleistungen, f\u00fcr Marketing- und Werbezwecke, f\u00fcr die bedarfsgerechte Gestaltung seiner Website, f\u00fcr die Einhaltung gesetzlicher Bestimmungen oder die Aus\u00fcbung von Rechten. Vimeo, Inc., kann Ihre Aktivit\u00e4ten mithilfe von Cookies und \u00e4hnlichen Technologien verfolgen. Mit Abspielen der Videos erkl\u00e4ren Sie sich mit der Datenverarbeitung durch Vimeo, Inc., einverstanden. N\u00e4here Informationen entnehmen Sie bitte der Datenschutzerkl\u00e4rung von Vimeo, Inc., unter https:\/\/vimeo.com\/privacy.<\/p>\n\n\n\n<h3 class=\"wp-block-heading\">Bild- und\/oder Videomaterial inkl. Audioaufnahmen bei Besuch \u00f6ffentlicher Veranstaltungen<\/h3>\n\n\n\n<p>Es kann auch die Verarbeitung von \u2013 im Zusammenhang mit dem Studiums an der Medizinischen Universit\u00e4t Innsbruck (z.B. Aufnahmeverfahren, akademische Festakte) oder auch im Rahmen des Besuches einer Veranstaltung (z.B. \u201eTag der offenen T\u00fcr\u201c, \u201eLange Nacht der Forschung\u201c etc.) entstandenem \u2013 Bild- und\/oder Videomaterial inkl. Audioaufnahmen zu Ihrer Person zu Zwecken der Information, Dokumentation, Kommunikation und Reputation der Medizinischen Universit\u00e4t Innsbruck erfolgen, ohne dass hierf\u00fcr eine finanzielle Abgeltung zusteht. Diese Verarbeitung ist zur Wahrung der berechtigten Interessen der Medizinischen Universit\u00e4t Innsbruck erforderlich. Die Verarbeitung dient ausschlie\u00dflich den oben angef\u00fchrten Zwecken durch Ausn\u00fctzung modernster Medien unter Verwendung von Bild- und\/oder Videomaterial inkl. Audioaufnahmen unter Einhaltung entsprechender technisch-organisatorischer Sicherheitsma\u00dfnahmen zum Schutz der Daten.<\/p>\n\n\n\n<p>Das allenfalls zu Ihrer Person angefertigte Bild\/Videomaterial (samt Audioaufnahmen) wird so lange gespeichert, wie dies f\u00fcr die Zwecke, zu welchem es verarbeitet wird erforderlich ist. Insbesondere ist die Speicherdauer abh\u00e4ngig von folgenden Kriterien:<\/p>\n\n\n\n<ul class=\"wp-block-list\">\n<li>Art der Abbildung (Personenanzahl, abgebildete Umgebung)<\/li>\n\n\n\n<li>Rahmen, innerhalb dessen die Aufnahme get\u00e4tigt wurde (\u00f6ffentliche Veranstaltung, Vorlesung, Sponsion)<\/li>\n\n\n\n<li>Eignung zur Verwendung auf der Homepage und in den sozialen Netzwerken sowie \u201eYou-Tube\u201c<\/li>\n\n\n\n<li>Eignung zur Darstellung der Geschichte der Medizinischen Universit\u00e4t Innsbruck<\/li>\n\n\n\n<li>Eignung zur Verwendung bei Jubil\u00e4en und Festschriften<\/li>\n\n\n\n<li>Grad des Eingriffes in die Geheimhaltungsinteressen<\/li>\n<\/ul>\n\n\n\n<p>Dar\u00fcber hinaus erfolgt eine Speicherung der Bild-\/Video- samt Audio- Daten allenfalls bis zur Beendigung von allf\u00e4lligen Rechtsstreitigkeiten, zu welchen diese als Beweis ben\u00f6tigt werden.<\/p>\n\n\n\n<p>Angefertigtes Bild- und\/oder Videomaterial (inkl. Audioaufnahmen) wird ausschlie\u00dflich zu den oben genannten Zwecken verwendet und ver\u00f6ffentlicht \u2013 d.h. jedermann zug\u00e4nglich gemacht. Falls erforderlich, wird das Bild- und\/oder Videomaterial (inkl. Audioaufnahmen) an \u2013 zur Durchf\u00fchrung der Werbema\u00dfnahme erforderliche \u2013 Dritte (z.B. Agenturen, Messebauer, Druckereibetriebe) \u00fcbermittelt.<\/p>\n\n\n\n<h3 class=\"wp-block-heading\">Kontaktformular<\/h3>\n\n\n\n<p>Sie haben die M\u00f6glichkeit mit der Medizinischen Universit\u00e4t Innsbruck per E-Mail und\/oder \u00fcber ein Kontaktformular in Verbindung zu treten. In diesem Fall werden die Angaben zum Zwecke der Bearbeitung Ihrer Kontaktaufnahme gespeichert. Eine Weitergabe an Dritte erfolgt nur wenn diese zur Bearbeitung der Anfrage notwendig ist.<\/p>\n\n\n\n<h3 class=\"wp-block-heading\">Ihre Rechte im Zusammenhang mit personenbezogener Daten<\/h3>\n\n\n\n<p>Ihnen stehen die Rechte auf<\/p>\n\n\n\n<ul class=\"wp-block-list\">\n<li>Auskunft (ob und welche personenbezogene Daten \u00fcber sie gespeichert wurden),<\/li>\n\n\n\n<li>Berichtigung, Erg\u00e4nzung oder L\u00f6schung (der personenbezogenen Daten, die falsch sind oder nicht rechtskonform verarbeitet werden),<\/li>\n\n\n\n<li>Einschr\u00e4nkung sowie Daten\u00fcbertragbarkeit<\/li>\n\n\n\n<li>und unter bestimmten Umst\u00e4nden das Recht auf Widerruf und Widerspruch zu.<\/li>\n<\/ul>\n\n\n\n<p>Wenn Sie der Meinung sind, dass die Verarbeitung Ihrer personenbezogenen Daten gegen das Datenschutzrecht verst\u00f6\u00dft oder Ihre datenschutzrechtlichen Anspr\u00fcche sonst in einer Weise unsererseits verletzt worden sind, bitten wir Sie mit uns Kontakt aufzunehmen. So k\u00f6nnen wir Ihre Bedenken behandeln. Sie haben aber auch das Recht sich an die zust\u00e4ndige Datenschutzbeh\u00f6rde (\u00d6sterreichische Datenschutzbeh\u00f6rde, Barichgasse 40-42<br>1030 Wien 8) zu wenden.<\/p>\n\n\n\n<h3 class=\"wp-block-heading\">\u00c4nderung der Datenschutzerkl\u00e4rung<\/h3>\n\n\n\n<p>Wir behalten uns vor, die Datenschutzerkl\u00e4rung zu \u00e4ndern, um sie an ge\u00e4nderte Rechtslagen, oder bei \u00c4nderungen des Dienstes sowie der Datenverarbeitung anzupassen. Die Nutzer werden daher gebeten sich regelm\u00e4\u00dfig \u00fcber deren Inhalt zu informieren.<\/p>\n\n\n\n<h3 class=\"wp-block-heading\">Kontakt<\/h3>\n\n\n\n<p>Ihr Vertrauen ist uns besonders wichtig. Sollten Sie daher weitere Fragen zum Thema Datenschutz im Zusammenhang mit der Medizinische Universit\u00e4t Innsbruck haben, so k\u00f6nnen Sie sich gerne an folgende Kontaktm\u00f6glichkeiten wenden:<\/p>\n\n\n\n<h3 class=\"wp-block-heading\">Externer Datenschutzbeauftragter:<\/h3>\n\n\n\n<p><strong>Firma x-tention Informationstechnologie GmbH<br><\/strong>R\u00f6merstra\u00dfe 80a, 4600 Wels<br>Tel: +43 7242 2155 65065<br>E-Mail: <a href=\"mailto:datenschutzbeauftragter@i-med.ac.at\">datenschutzbeauftragter@i-med.ac.at<\/a><\/p>\n\n\n\n<h3 class=\"wp-block-heading\">Interner Datenschutzkoordinator:<\/h3>\n\n\n\n<p><strong>Dr.iur. Bernhard Sebastian Innerhofer<\/strong><br>MBL (Master of Business Law), LL.M. (Medical Law), LL.M. (Wirtschaftsstrafrecht)<br>Medizinische Universit\u00e4t Innsbruck<\/p>\n\n\n\n<p><strong>B\u00fcro des Rektors<\/strong><br>Tel.: +43 512 9003 70014<br>E-Mail: <a href=\"mailto:Bernhard.Innerhofer@i-med.ac.at\">Bernhard.Innerhofer@i-med.ac.at<\/a>; <a href=\"mailto:Datenschutzkoordinator@i-med.ac.at\">Datenschutzkoordinator@i-med.ac.at<\/a><\/p>\n\n\n\n<p>Wir m\u00f6chten Sie darauf hinweisen, dass durch die Nutzung dieser Website Urheber-, Namens- und Markenrechte sowie sonstige Rechte Dritter zu beachten sind. Sie verpflichten sich, eine missbr\u00e4uchliche Nutzung des gesamten Inhaltes (insbesondere von Bildern, Videos, Schriften und Marken) zu unterlassen.<\/p>\n<\/div><\/div>\n","protected":false},"excerpt":{"rendered":"<p>Datenschutz\u00aderkl\u00e4rung Allgemeines Die Themen Datenschutz und Informationssicherheit sind f\u00fcr die Medizinische Universit\u00e4t Innsbruck die Basis f\u00fcr eine stabile und erfolgreiche Beziehung zu den Usern unserer Websites und bilden einen hohen Stellenwert im Unternehmen. Diese Erkl\u00e4rung beschreibt, wie die Medizinische Universit\u00e4t Innsbruck ihre Daten im Zusammenhang mit dieser Website verarbeitet. Die Medizinische Universit\u00e4t Innsbruck beachtet beim [&hellip;]<\/p>\n","protected":false},"author":3,"featured_media":0,"parent":0,"menu_order":0,"comment_status":"closed","ping_status":"closed","template":"","meta":{"episode_type":"","audio_file":"","podmotor_file_id":"","podmotor_episode_id":"","cover_image":"","cover_image_id":"","duration":"","filesize":"","filesize_raw":"","date_recorded":"","explicit":"","block":"","itunes_episode_number":"","itunes_title":"","itunes_season_number":"","itunes_episode_type":"","_themeisle_gutenberg_block_has_review":false,"footnotes":""},"class_list":["post-747","page","type-page","status-publish","hentry"],"_links":{"self":[{"href":"https:\/\/events.i-med.ac.at\/all\/wp-json\/wp\/v2\/pages\/747","targetHints":{"allow":["GET"]}}],"collection":[{"href":"https:\/\/events.i-med.ac.at\/all\/wp-json\/wp\/v2\/pages"}],"about":[{"href":"https:\/\/events.i-med.ac.at\/all\/wp-json\/wp\/v2\/types\/page"}],"author":[{"embeddable":true,"href":"https:\/\/events.i-med.ac.at\/all\/wp-json\/wp\/v2\/users\/3"}],"replies":[{"embeddable":true,"href":"https:\/\/events.i-med.ac.at\/all\/wp-json\/wp\/v2\/comments?post=747"}],"version-history":[{"count":1,"href":"https:\/\/events.i-med.ac.at\/all\/wp-json\/wp\/v2\/pages\/747\/revisions"}],"predecessor-version":[{"id":748,"href":"https:\/\/events.i-med.ac.at\/all\/wp-json\/wp\/v2\/pages\/747\/revisions\/748"}],"wp:attachment":[{"href":"https:\/\/events.i-med.ac.at\/all\/wp-json\/wp\/v2\/media?parent=747"}],"curies":[{"name":"wp","href":"https:\/\/api.w.org\/{rel}","templated":true}]}}