{"id":2780,"date":"2025-06-24T15:51:46","date_gmt":"2025-06-24T13:51:46","guid":{"rendered":"https:\/\/events.i-med.ac.at\/all\/?page_id=2780"},"modified":"2026-02-24T14:31:30","modified_gmt":"2026-02-24T13:31:30","slug":"barrierefreiheit-events","status":"publish","type":"page","link":"https:\/\/events.i-med.ac.at\/all\/barrierefreiheit-events\/","title":{"rendered":"Barrierefreiheit Events"},"content":{"rendered":"\n<h1 class=\"wp-block-heading pt-5\">Barrierefreiheit auf Events der Medizinischen Universit\u00e4t Innsbruck<\/h1>\n\n\n\n<p>Die Medizinische Universit\u00e4t Innsbruck bietet Menschen mit Behinderung diverse Services und Hilfen, um den Besuch von \u00f6ffentlichen Veranstaltungen der Universit\u00e4t zu erm\u00f6glichen.<\/p>\n\n\n\n<p>Die folgende Zusammenfassung soll Sie \u00fcber die Gegebenheiten vor Ort, die technische Ausstattung und Ihre Ansprechperson informieren. Z\u00f6gern Sie nicht, wenn Sie Fragen haben, sich bei uns zu melden:<\/p>\n\n\n\n<p><strong>Behindertenbeauftragte und Barrierebeauftragte:<\/strong><br>Frau Claudia Holek<br>Tel.: +43 (0) 512 9003 71820<br>E-Mail:&nbsp;<a href=\"mailto:claudia.holek@i-med.ac.at\">claudia.holek@i-med.ac.at<\/a><\/p>\n\n\n\n<h2 class=\"wp-block-heading\">\u00d6ffentliche Veranstaltungen im Audimax<\/h2>\n\n\n\n<p>Um Ihnen einen barrierefreien Zugang zum Audimax H\u00f6rsaal zu erm\u00f6glichen, sind sowohl am Weg zum Geb\u00e4ude als auch im Geb\u00e4ude selbst <strong>ertastbare Leitsysteme<\/strong> vorhanden. Beim Haupteingang gibt es eine <strong>Rollstuhlrampe<\/strong> und der <strong>Nebeneingang ist ebenerdig<\/strong>. <br><br>Die Lifte des Geb\u00e4udes in der Fritz-Pregl-Stra\u00dfe 3 unterst\u00fctzen Personen mit Sehbehinderung oder Blindheit au\u00dferdem mit <strong>Stockwerksansagen<\/strong>.<\/p>\n\n\n\n<p>F\u00fcr blinde Menschen bieten wir, nach vorheriger Anmeldung, auch eine <strong>Begleitung zum Audimax ab Geb\u00e4udeeingang<\/strong>. Bitte kontaktieren Sie daf\u00fcr die Behindertenbeauftragte eine Woche im Voraus.<\/p>\n\n\n\n<p>Events im Audimax werden in der Regel mit <strong>Mikrofon<\/strong> durchgef\u00fchrt. F\u00fcr h\u00f6rbeeintr\u00e4chtigte Personen ist au\u00dferdem eine <strong>Induktionsschleife<\/strong> verbaut.<\/p>\n\n\n\n<p>Personen mit einer H\u00f6rbehinderung k\u00f6nnen sich bei uns auch gegen eine Kaution eine <strong>Einzel-FM-Anlage<\/strong> ausleihen, um den Vortr\u00e4gen im Audimax zu folgen.<br>Bitte kontaktieren Sie hierf\u00fcr ebenfalls die Behindertenbeauftragte eine Woche vorher.<\/p>\n\n\n\n<p><strong>Rollstuhlpl\u00e4tze<\/strong> sind im H\u00f6rsaal vorhanden. F\u00fcr ausleihbare Rollst\u00fchle bitten wir um eine Voranmeldung bei der Behindertenbeauftragten.<\/p>\n\n\n\n<p><strong>Behinderten-WCs<\/strong> sind vorhanden und mittels <strong>Eurokey<\/strong> zug\u00e4nglich. Die zum Audimax am n\u00e4hesten liegenden Behinderten-WCs befinden sich im Erdgescho\u00df (EG) und Untergescho\u00df (UG).<\/p>\n\n\n\n<p>Assistenzhunde (z.B. Blindenf\u00fchrhunde) und Begleitpersonen sind nat\u00fcrlich willkommen.<\/p>\n\n\n\n<h3 class=\"wp-block-heading\">Veranstaltungsspezifische Hinweise<\/h3>\n\n\n\n<p>Wo m\u00f6glich, bieten wir <strong>Live-Streams<\/strong> unserer Events und im Nachhinein auch eine <strong>Aufzeichnung der Vortr\u00e4ge<\/strong>. Details entnehmen Sie bitte der jeweiligen Veranstaltungsseite.<\/p>\n\n\n\n<p>Auf Anfrage organisieren wir <strong>Geb\u00e4rdensprachdolmetscher:innen<\/strong>.<\/p>\n\n\n\n<p><em>Wenn Sie Hinweise zur Barrierefreiheit haben oder Tipps, was wir verbessern k\u00f6nnten, freuen wir uns \u00fcber eine E-Mail an: <a href=\"mailto:events@i-med.ac.at\">events@i-med.ac.at<\/a>.<\/em><\/p>\n","protected":false},"excerpt":{"rendered":"<p>Barrierefreiheit auf Events der Medizinischen Universit\u00e4t Innsbruck Die Medizinische Universit\u00e4t Innsbruck bietet Menschen mit Behinderung diverse Services und Hilfen, um den Besuch von \u00f6ffentlichen Veranstaltungen der Universit\u00e4t zu erm\u00f6glichen. Die folgende Zusammenfassung soll Sie \u00fcber die Gegebenheiten vor Ort, die technische Ausstattung und Ihre Ansprechperson informieren. Z\u00f6gern Sie nicht, wenn Sie Fragen haben, sich bei [&hellip;]<\/p>\n","protected":false},"author":7,"featured_media":0,"parent":0,"menu_order":0,"comment_status":"closed","ping_status":"closed","template":"","meta":{"episode_type":"","audio_file":"","podmotor_file_id":"","podmotor_episode_id":"","cover_image":"","cover_image_id":"","duration":"","filesize":"","filesize_raw":"","date_recorded":"","explicit":"","block":"","itunes_episode_number":"","itunes_title":"","itunes_season_number":"","itunes_episode_type":"","_themeisle_gutenberg_block_has_review":false,"footnotes":""},"class_list":["post-2780","page","type-page","status-publish","hentry"],"_links":{"self":[{"href":"https:\/\/events.i-med.ac.at\/all\/wp-json\/wp\/v2\/pages\/2780","targetHints":{"allow":["GET"]}}],"collection":[{"href":"https:\/\/events.i-med.ac.at\/all\/wp-json\/wp\/v2\/pages"}],"about":[{"href":"https:\/\/events.i-med.ac.at\/all\/wp-json\/wp\/v2\/types\/page"}],"author":[{"embeddable":true,"href":"https:\/\/events.i-med.ac.at\/all\/wp-json\/wp\/v2\/users\/7"}],"replies":[{"embeddable":true,"href":"https:\/\/events.i-med.ac.at\/all\/wp-json\/wp\/v2\/comments?post=2780"}],"version-history":[{"count":7,"href":"https:\/\/events.i-med.ac.at\/all\/wp-json\/wp\/v2\/pages\/2780\/revisions"}],"predecessor-version":[{"id":3205,"href":"https:\/\/events.i-med.ac.at\/all\/wp-json\/wp\/v2\/pages\/2780\/revisions\/3205"}],"wp:attachment":[{"href":"https:\/\/events.i-med.ac.at\/all\/wp-json\/wp\/v2\/media?parent=2780"}],"curies":[{"name":"wp","href":"https:\/\/api.w.org\/{rel}","templated":true}]}}