{"id":2246,"date":"2025-02-05T15:26:23","date_gmt":"2025-02-05T14:26:23","guid":{"rendered":"https:\/\/events.i-med.ac.at\/all\/?page_id=2246"},"modified":"2026-03-21T07:38:57","modified_gmt":"2026-03-21T06:38:57","slug":"rahmenprogramm-woche-des-gehirns","status":"publish","type":"page","link":"https:\/\/events.i-med.ac.at\/all\/rahmenprogramm-woche-des-gehirns\/","title":{"rendered":"Rahmenprogramm Woche des Gehirns 2026"},"content":{"rendered":"\n<h1 class=\"wp-block-heading has-text-align-center pt-5\">Rahmenprogramm w\u00e4hrend der Woche des Gehirns<\/h1>\n\n\n\n<div class=\"wp-block-columns py-3 py-md-5 text-center text-md-start is-layout-flex wp-container-core-columns-is-layout-9d6595d7 wp-block-columns-is-layout-flex\">\n<div class=\"wp-block-column is-vertically-aligned-top is-layout-flow wp-block-column-is-layout-flow\" style=\"flex-basis:25%\"><div class=\"wp-block-image px-5 px-md-0 pe-md-5 \">\n<figure class=\"aligncenter size-full\"><img loading=\"lazy\" decoding=\"async\" width=\"1240\" height=\"1163\" src=\"https:\/\/events.i-med.ac.at\/all\/wp-content\/uploads\/2026\/02\/KI-Impulsvortraege.png\" alt=\"\" class=\"wp-image-3084\" srcset=\"https:\/\/events.i-med.ac.at\/all\/wp-content\/uploads\/2026\/02\/KI-Impulsvortraege.png 1240w, https:\/\/events.i-med.ac.at\/all\/wp-content\/uploads\/2026\/02\/KI-Impulsvortraege-300x281.png 300w, https:\/\/events.i-med.ac.at\/all\/wp-content\/uploads\/2026\/02\/KI-Impulsvortraege-1024x960.png 1024w, https:\/\/events.i-med.ac.at\/all\/wp-content\/uploads\/2026\/02\/KI-Impulsvortraege-768x720.png 768w\" sizes=\"auto, (max-width: 1240px) 100vw, 1240px\" \/><\/figure>\n<\/div><\/div>\n\n\n\n<div class=\"wp-block-column is-vertically-aligned-center is-layout-flow wp-block-column-is-layout-flow\" style=\"flex-basis:75%\">\n<h2 class=\"wp-block-heading\"><strong>Kostenlose Vortr\u00e4ge zum Thema K\u00fcnstliche Intelligenz<\/strong><\/h2>\n\n\n\n<div class=\"wp-block-columns is-layout-flex wp-container-core-columns-is-layout-9d6595d7 wp-block-columns-is-layout-flex\">\n<div class=\"wp-block-column is-layout-flow wp-block-column-is-layout-flow\">\n<div class=\"wp-block-columns ticss-394a9f36 has-background is-layout-flex wp-container-core-columns-is-layout-9d6595d7 wp-block-columns-is-layout-flex\" style=\"background-color:#dbe7ef\">\n<div class=\"wp-block-column is-layout-flow wp-block-column-is-layout-flow\">\n<p class=\"mb-0 has-text-color has-link-color has-medium-font-size wp-elements-56fd4cf304d20f2d0c9ea5d9a3521be1\" style=\"color:#4b849c\">Die Impulsvortr\u00e4ge wurden vom Team Digitales Lehren und Lernen organisiert<em>.<\/em><\/p>\n<\/div>\n<\/div>\n<\/div>\n<\/div>\n\n\n\n<div class=\"wp-block-columns ticss-58c1f68a has-background is-layout-flex wp-container-core-columns-is-layout-9d6595d7 wp-block-columns-is-layout-flex\" style=\"background-color:#f1f1f1\">\n<div class=\"wp-block-column ticss-c6e36f28 bggehirn has-background is-layout-flow wp-block-column-is-layout-flow\" style=\"background-color:#dbe7ef;flex-basis:35%\">\n<h3 class=\"wp-block-heading mb-0 has-text-color has-link-color wp-elements-cd224276807ff74ef09c1eca754c693b\" style=\"color:#4b849c\">Montag, 16.03.2026<\/h3>\n\n\n\n<hr class=\"wp-block-separator has-text-color has-alpha-channel-opacity has-background is-style-wide\" style=\"background-color:#da353c;color:#da353c\"\/>\n<\/div>\n\n\n\n<div class=\"wp-block-column ticss-846714aa p-4 pt-0 pt-md-4 px-lg-0 pe-lg-4 is-layout-flow wp-block-column-is-layout-flow\" style=\"flex-basis:65%\">\n<h3 class=\"wp-block-heading pb-4\"><strong>Ein Prompt, viele Antworten: Grundlagen von LLMs verstehen &#8211; Warum dieselbe Frage in LLM\u2018s unterschiedliche Ergebnisse liefert<\/strong><\/h3>\n\n\n\n<p>Matthias Schwab, AISCM Faculty<\/p>\n<\/div>\n<\/div>\n\n\n\n<div class=\"wp-block-columns ticss-58c1f68a has-background is-layout-flex wp-container-core-columns-is-layout-9d6595d7 wp-block-columns-is-layout-flex\" style=\"background-color:#f1f1f1\">\n<div class=\"wp-block-column ticss-c6e36f28 bggehirn has-background is-layout-flow wp-block-column-is-layout-flow\" style=\"background-color:#dbe7ef;flex-basis:35%\">\n<h3 class=\"wp-block-heading mb-0 has-text-color has-link-color wp-elements-a6d7d078fdeb4637faf7f22580fca844\" style=\"color:#4b849c\">Mittwoch, 18.03.2026<\/h3>\n\n\n\n<hr class=\"wp-block-separator has-text-color has-alpha-channel-opacity has-background is-style-wide\" style=\"background-color:#da353c;color:#da353c\"\/>\n<\/div>\n\n\n\n<div class=\"wp-block-column ticss-846714aa p-4 pt-0 pt-md-4 px-lg-0 pe-lg-4 is-layout-flow wp-block-column-is-layout-flow\" style=\"flex-basis:65%\">\n<h3 class=\"wp-block-heading pb-4\"><strong>Gehirn aus, generative KI an? &#8211; Academic AI sinnvoll einsetzen<\/strong><\/h3>\n\n\n\n<p>Wolfgang Kathan, Digitales Lehren und Lernen<\/p>\n<\/div>\n<\/div>\n\n\n\n<div class=\"wp-block-columns ticss-58c1f68a has-background is-layout-flex wp-container-core-columns-is-layout-9d6595d7 wp-block-columns-is-layout-flex\" style=\"background-color:#f1f1f1\">\n<div class=\"wp-block-column ticss-c6e36f28 bggehirn has-background is-layout-flow wp-block-column-is-layout-flow\" style=\"background-color:#dbe7ef;flex-basis:35%\">\n<h3 class=\"wp-block-heading mb-0 has-text-color has-link-color wp-elements-349efb7c99b6e30fa8867db85140e9c3\" style=\"color:#4b849c\">Donnerstag 19.03.2026 <\/h3>\n\n\n\n<hr class=\"wp-block-separator has-text-color has-alpha-channel-opacity has-background is-style-wide\" style=\"background-color:#da353c;color:#da353c\"\/>\n<\/div>\n\n\n\n<div class=\"wp-block-column ticss-846714aa p-4 pt-0 pt-md-4 px-lg-0 pe-lg-4 is-layout-flow wp-block-column-is-layout-flow\" style=\"flex-basis:65%\">\n<h3 class=\"wp-block-heading pb-4\"><strong>Lernen mit der KI in der Medizin \u2013 KI in der Lehre nutzen<\/strong><\/h3>\n\n\n\n<p><br>Judith Lechner, Institut f\u00fcr Physiologie, Studiengangsleiterin Humanmedizin<br>Alexandra Huber, Universit\u00e4tsklinik f\u00fcr Psychiatrie II<\/p>\n<\/div>\n<\/div>\n\n\n\n<p><\/p>\n<\/div>\n<\/div>\n\n\n\n<div class=\"wp-block-columns is-layout-flex wp-container-core-columns-is-layout-9d6595d7 wp-block-columns-is-layout-flex\">\n<div class=\"wp-block-column is-layout-flow wp-block-column-is-layout-flow\" style=\"flex-basis:66.66%\">\n<h2 class=\"wp-block-heading\"><strong>Online Meditation mit Harald H\u00f6rmann<\/strong><\/h2>\n\n\n\n<p>Loslassen ist das gro\u00dfe Thema von Harald H\u00f6rmann. An der Med Uni Innsbruck arbeitet er therapeutisch mit mentaler Entspannung und gibt sein Wissen \u00fcber Meditation und Entspannungstechniken weiter. F\u00fcr sich pers\u00f6nlich hat der Innsbrucker mentale Entspannungstechniken schon im Studium entdeckt \u2013 gerade nach seiner Querschnittl\u00e4hmung habe ihm das sehr geholfen, ebenso als begeisterter Spitzensportler. Seine jahrzehntelange Erfahrung bringt H\u00f6rmann an der Univ.-Klinik f\u00fcr Psychiatrie II ein.&nbsp;<\/p>\n\n\n\n<p>Harald H\u00f6rmann l\u00e4dt in der Woche des Gehirns zu insgesamt f\u00fcnf Online Meditationen ein.&nbsp;Die Meditation ist ideal zur Entspannung w\u00e4hrend der Mittagspause, kann jedoch jederzeit durchgef\u00fchrt werden, wann immer eine achtsame Auszeit ben\u00f6tigt wird.<\/p>\n<\/div>\n\n\n\n<div class=\"wp-block-column is-layout-flow wp-block-column-is-layout-flow\" style=\"flex-basis:33.33%\"><div class=\"wp-block-image px-5 px-md-0 ps-md-5 \">\n<figure class=\"aligncenter size-full is-resized\"><img loading=\"lazy\" decoding=\"async\" width=\"100\" height=\"100\" src=\"https:\/\/events.i-med.ac.at\/all\/wp-content\/uploads\/2025\/02\/meditation-9439a3.svg\" alt=\"\" class=\"wp-image-2275\" style=\"aspect-ratio:1.0028204324663115;width:269px;height:auto\"\/><\/figure>\n<\/div><\/div>\n<\/div>\n\n\n<div class=\"wp-block-image\">\n<figure class=\"alignleft size-large is-resized\"><img loading=\"lazy\" decoding=\"async\" width=\"1024\" height=\"1024\" src=\"https:\/\/events.i-med.ac.at\/all\/wp-content\/uploads\/2025\/03\/harald_hoermann-1024x1024.jpg\" alt=\"\" class=\"wp-image-2587\" style=\"width:174px;height:auto\" srcset=\"https:\/\/events.i-med.ac.at\/all\/wp-content\/uploads\/2025\/03\/harald_hoermann-1024x1024.jpg 1024w, https:\/\/events.i-med.ac.at\/all\/wp-content\/uploads\/2025\/03\/harald_hoermann-300x300.jpg 300w, https:\/\/events.i-med.ac.at\/all\/wp-content\/uploads\/2025\/03\/harald_hoermann-150x150.jpg 150w, https:\/\/events.i-med.ac.at\/all\/wp-content\/uploads\/2025\/03\/harald_hoermann-768x768.jpg 768w, https:\/\/events.i-med.ac.at\/all\/wp-content\/uploads\/2025\/03\/harald_hoermann.jpg 1080w\" sizes=\"auto, (max-width: 1024px) 100vw, 1024px\" \/><\/figure>\n<\/div>\n\n\n<div class=\"wp-block-columns is-layout-flex wp-container-core-columns-is-layout-9d6595d7 wp-block-columns-is-layout-flex\">\n<div class=\"wp-block-column is-layout-flow wp-block-column-is-layout-flow\">\n<p><strong>Tipps f\u00fcr die Meditation:<\/strong><\/p>\n\n\n\n<ul class=\"wp-block-list\">\n<li><strong>Ruhiger Ort<\/strong>:&nbsp;Suche dir einen ungest\u00f6rten Platz.<\/li>\n\n\n\n<li><strong>Kopfh\u00f6rer nutzen<\/strong>:&nbsp;F\u00fcr ein intensiveres Klangerlebnis.<\/li>\n\n\n\n<li><strong>Offener Geist<\/strong>:&nbsp;Ohne Erwartungen, einfach genie\u00dfen.&nbsp;<\/li>\n<\/ul>\n<\/div>\n<\/div>\n\n\n\n<div class=\"wp-block-columns is-layout-flex wp-container-core-columns-is-layout-9d6595d7 wp-block-columns-is-layout-flex\">\n<div class=\"wp-block-column is-layout-flow wp-block-column-is-layout-flow\">\n<p><\/p>\n<\/div>\n<\/div>\n\n\n\n<div class=\"wp-block-columns mt-5 is-layout-flex wp-container-core-columns-is-layout-9d6595d7 wp-block-columns-is-layout-flex\">\n<div class=\"wp-block-column is-layout-flow wp-block-column-is-layout-flow\">\n<div class=\"wp-block-group p-3 p-xl-4 has-background\" style=\"background-color:#dbe7ef\"><div class=\"wp-block-group__inner-container is-layout-constrained wp-block-group-is-layout-constrained\">\n<div class=\"wp-block-columns m-0 p-0 is-layout-flex wp-container-core-columns-is-layout-9d6595d7 wp-block-columns-is-layout-flex\">\n<div class=\"wp-block-column is-layout-flow wp-block-column-is-layout-flow\" style=\"flex-basis:20%\"><div class=\"wp-block-image m-0 p-0\">\n<figure class=\"aligncenter size-full\"><img loading=\"lazy\" decoding=\"async\" width=\"100\" height=\"100\" src=\"https:\/\/events.i-med.ac.at\/all\/wp-content\/uploads\/2025\/02\/meditation-9439a3.svg\" alt=\"\" class=\"wp-image-2275\"\/><\/figure>\n<\/div><\/div>\n\n\n\n<div class=\"wp-block-column is-layout-flow wp-block-column-is-layout-flow\" style=\"flex-basis:80%\">\n<h3 class=\"wp-block-heading has-text-color has-link-color wp-elements-3ff795df27346ee1c19ad6e7bbcc08e1\" style=\"color:#4e8ca5\">Meditation Tag 1<\/h3>\n\n\n\n<hr class=\"wp-block-separator has-text-color has-alpha-channel-opacity has-background is-style-wide mt-2 mb-4\" style=\"background-color:#db363d;color:#db363d\"\/>\n<\/div>\n<\/div>\n\n\n\n<figure class=\"wp-block-audio m-0 p-0 pt-3\"><audio controls src=\"https:\/\/events.i-med.ac.at\/all\/wp-content\/uploads\/2025\/03\/Meditation-1-final.mp3\"><\/audio><\/figure>\n<\/div><\/div>\n<\/div>\n\n\n\n<div class=\"wp-block-column is-layout-flow wp-block-column-is-layout-flow\">\n<div class=\"wp-block-group p-3 p-sm-2 p-md-4 has-background\" style=\"background-color:#dbe7ef\"><div class=\"wp-block-group__inner-container is-layout-constrained wp-block-group-is-layout-constrained\">\n<div class=\"wp-block-columns m-0 p-0 is-layout-flex wp-container-core-columns-is-layout-9d6595d7 wp-block-columns-is-layout-flex\">\n<div class=\"wp-block-column is-layout-flow wp-block-column-is-layout-flow\" style=\"flex-basis:20%\"><div class=\"wp-block-image m-0 p-0\">\n<figure class=\"aligncenter size-full\"><img loading=\"lazy\" decoding=\"async\" width=\"100\" height=\"100\" src=\"https:\/\/events.i-med.ac.at\/all\/wp-content\/uploads\/2025\/02\/meditation-9439a3.svg\" alt=\"\" class=\"wp-image-2275\"\/><\/figure>\n<\/div><\/div>\n\n\n\n<div class=\"wp-block-column is-layout-flow wp-block-column-is-layout-flow\" style=\"flex-basis:80%\">\n<h3 class=\"wp-block-heading has-text-color has-link-color wp-elements-d3f36677b8daeb42001184baed123517\" style=\"color:#4e8ca5\">Meditation Tag 2<\/h3>\n\n\n\n<hr class=\"wp-block-separator has-text-color has-alpha-channel-opacity has-background is-style-wide mt-2 mb-4\" style=\"background-color:#db363d;color:#db363d\"\/>\n<\/div>\n<\/div>\n\n\n\n<figure class=\"wp-block-audio m-0 p-0 pt-3\"><audio controls src=\"https:\/\/events.i-med.ac.at\/all\/wp-content\/uploads\/2025\/03\/Meditation-2-final.mp3\"><\/audio><\/figure>\n<\/div><\/div>\n<\/div>\n<\/div>\n\n\n\n<p><\/p>\n\n\n\n<div id=\"p-3-p-xl-4\" class=\"wp-block-group has-background\" style=\"background-color:#dbe7ef\"><div class=\"wp-block-group__inner-container is-layout-constrained wp-block-group-is-layout-constrained\">\n<div class=\"wp-block-columns m-0 p-0 is-layout-flex wp-container-core-columns-is-layout-9d6595d7 wp-block-columns-is-layout-flex\">\n<div class=\"wp-block-column is-layout-flow wp-block-column-is-layout-flow\" style=\"flex-basis:20%\"><div class=\"wp-block-image m-0 p-0\">\n<figure class=\"aligncenter size-full\"><img loading=\"lazy\" decoding=\"async\" width=\"100\" height=\"100\" src=\"https:\/\/events.i-med.ac.at\/all\/wp-content\/uploads\/2025\/02\/meditation-9439a3.svg\" alt=\"\" class=\"wp-image-2275\"\/><\/figure>\n<\/div><\/div>\n\n\n\n<div class=\"wp-block-column is-layout-flow wp-block-column-is-layout-flow\" style=\"flex-basis:80%\">\n<h3 class=\"wp-block-heading has-text-color has-link-color wp-elements-4f3d8ec673de2e4c994b71d2a728dc45\" style=\"color:#4e8ca5\">Meditation Tag 3<\/h3>\n\n\n\n<hr class=\"wp-block-separator has-text-color has-alpha-channel-opacity has-background is-style-wide mt-2 mb-4\" style=\"background-color:#db363d;color:#db363d\"\/>\n\n\n\n<figure class=\"wp-block-audio m-0 p-0 pt-3\"><audio controls src=\"https:\/\/events.i-med.ac.at\/all\/wp-content\/uploads\/2025\/03\/Meditation-4-final.mp3\"><\/audio><\/figure>\n<\/div>\n<\/div>\n<\/div><\/div>\n\n\n\n<p><\/p>\n\n\n\n<div class=\"wp-block-columns is-layout-flex wp-container-core-columns-is-layout-9d6595d7 wp-block-columns-is-layout-flex\">\n<div class=\"wp-block-column is-layout-flow wp-block-column-is-layout-flow\">\n<div class=\"wp-block-group p-3 p-xl-4 has-background\" style=\"background-color:#dbe7ef\"><div class=\"wp-block-group__inner-container is-layout-constrained wp-block-group-is-layout-constrained\">\n<div class=\"wp-block-columns m-0 p-0 is-layout-flex wp-container-core-columns-is-layout-9d6595d7 wp-block-columns-is-layout-flex\">\n<div class=\"wp-block-column is-layout-flow wp-block-column-is-layout-flow\" style=\"flex-basis:20%\"><div class=\"wp-block-image m-0 p-0\">\n<figure class=\"aligncenter size-full\"><img loading=\"lazy\" decoding=\"async\" width=\"100\" height=\"100\" src=\"https:\/\/events.i-med.ac.at\/all\/wp-content\/uploads\/2025\/02\/meditation-9439a3.svg\" alt=\"\" class=\"wp-image-2275\"\/><\/figure>\n<\/div><\/div>\n\n\n\n<div class=\"wp-block-column is-layout-flow wp-block-column-is-layout-flow\" style=\"flex-basis:80%\">\n<h3 class=\"wp-block-heading has-text-color has-link-color wp-elements-6f6dc7be7f82a2840912f3f9accecca4\" style=\"color:#4e8ca5\">Meditation Tag 4<\/h3>\n\n\n\n<hr class=\"wp-block-separator has-text-color has-alpha-channel-opacity has-background is-style-wide mt-2 mb-4\" style=\"background-color:#db363d;color:#db363d\"\/>\n<\/div>\n<\/div>\n\n\n\n<figure class=\"wp-block-audio m-0 p-0 pt-3\"><audio controls src=\"https:\/\/events.i-med.ac.at\/all\/wp-content\/uploads\/2025\/03\/Meditation-3-final.mp3\"><\/audio><\/figure>\n<\/div><\/div>\n<\/div>\n\n\n\n<div class=\"wp-block-column is-layout-flow wp-block-column-is-layout-flow\">\n<div class=\"wp-block-group p-3 p-xl-4 has-background\" style=\"background-color:#dbe7ef\"><div class=\"wp-block-group__inner-container is-layout-constrained wp-block-group-is-layout-constrained\">\n<div class=\"wp-block-columns m-0 p-0 is-layout-flex wp-container-core-columns-is-layout-9d6595d7 wp-block-columns-is-layout-flex\">\n<div class=\"wp-block-column is-layout-flow wp-block-column-is-layout-flow\" style=\"flex-basis:20%\"><div class=\"wp-block-image m-0 p-0\">\n<figure class=\"aligncenter size-full\"><img loading=\"lazy\" decoding=\"async\" width=\"100\" height=\"100\" src=\"https:\/\/events.i-med.ac.at\/all\/wp-content\/uploads\/2025\/02\/meditation-9439a3.svg\" alt=\"\" class=\"wp-image-2275\"\/><\/figure>\n<\/div><\/div>\n\n\n\n<div class=\"wp-block-column is-layout-flow wp-block-column-is-layout-flow\" style=\"flex-basis:80%\">\n<h3 class=\"wp-block-heading has-text-color has-link-color wp-elements-02e57313935a55dfdf3b1b1adcace448\" style=\"color:#4e8ca5\">Meditation Tag 5<\/h3>\n\n\n\n<hr class=\"wp-block-separator has-text-color has-alpha-channel-opacity has-background is-style-wide mt-2 mb-4\" style=\"background-color:#db363d;color:#db363d\"\/>\n<\/div>\n<\/div>\n\n\n\n<figure class=\"wp-block-audio m-0 p-0 pt-3\"><audio controls src=\"https:\/\/events.i-med.ac.at\/all\/wp-content\/uploads\/2025\/03\/Meditation-1-final.mp3\"><\/audio><\/figure>\n<\/div><\/div>\n<\/div>\n<\/div>\n","protected":false},"excerpt":{"rendered":"<p>Rahmenprogramm w\u00e4hrend der Woche des Gehirns Kostenlose Vortr\u00e4ge zum Thema K\u00fcnstliche Intelligenz Die Impulsvortr\u00e4ge wurden vom Team Digitales Lehren und Lernen organisiert. Montag, 16.03.2026 Ein Prompt, viele Antworten: Grundlagen von LLMs verstehen &#8211; Warum dieselbe Frage in LLM\u2018s unterschiedliche Ergebnisse liefert Matthias Schwab, AISCM Faculty Mittwoch, 18.03.2026 Gehirn aus, generative KI an? &#8211; Academic AI [&hellip;]<\/p>\n","protected":false},"author":3,"featured_media":0,"parent":0,"menu_order":0,"comment_status":"closed","ping_status":"closed","template":"","meta":{"episode_type":"","audio_file":"","podmotor_file_id":"","podmotor_episode_id":"","cover_image":"","cover_image_id":"","duration":"","filesize":"","filesize_raw":"","date_recorded":"","explicit":"","block":"","itunes_episode_number":"","itunes_title":"","itunes_season_number":"","itunes_episode_type":"","_themeisle_gutenberg_block_has_review":false,"footnotes":""},"class_list":["post-2246","page","type-page","status-publish","hentry"],"_links":{"self":[{"href":"https:\/\/events.i-med.ac.at\/all\/wp-json\/wp\/v2\/pages\/2246","targetHints":{"allow":["GET"]}}],"collection":[{"href":"https:\/\/events.i-med.ac.at\/all\/wp-json\/wp\/v2\/pages"}],"about":[{"href":"https:\/\/events.i-med.ac.at\/all\/wp-json\/wp\/v2\/types\/page"}],"author":[{"embeddable":true,"href":"https:\/\/events.i-med.ac.at\/all\/wp-json\/wp\/v2\/users\/3"}],"replies":[{"embeddable":true,"href":"https:\/\/events.i-med.ac.at\/all\/wp-json\/wp\/v2\/comments?post=2246"}],"version-history":[{"count":72,"href":"https:\/\/events.i-med.ac.at\/all\/wp-json\/wp\/v2\/pages\/2246\/revisions"}],"predecessor-version":[{"id":3249,"href":"https:\/\/events.i-med.ac.at\/all\/wp-json\/wp\/v2\/pages\/2246\/revisions\/3249"}],"wp:attachment":[{"href":"https:\/\/events.i-med.ac.at\/all\/wp-json\/wp\/v2\/media?parent=2246"}],"curies":[{"name":"wp","href":"https:\/\/api.w.org\/{rel}","templated":true}]}}