{"id":2009,"date":"2025-01-30T16:23:53","date_gmt":"2025-01-30T15:23:53","guid":{"rendered":"https:\/\/events.i-med.ac.at\/all\/?page_id=2009"},"modified":"2025-01-30T16:23:53","modified_gmt":"2025-01-30T15:23:53","slug":"weitere-foerderungen","status":"publish","type":"page","link":"https:\/\/events.i-med.ac.at\/all\/weitere-foerderungen\/","title":{"rendered":"Weitere F\u00f6rderungen"},"content":{"rendered":"\n<h1 class=\"wp-block-heading pt-5\">Weitere F\u00f6rderungen<\/h1>\n\n\n\n<h2 class=\"wp-block-heading\">Landesf\u00f6rderung<\/h2>\n\n\n\n<p>Tagungen mit Tirolbezug (inhaltlich, institutionell oder personell\/biographisch)<br>N\u00e4here Informationen dazu unter:\u00a0<a href=\"https:\/\/www.tirol.gv.at\/kunst-kultur\/kulturfoerderungen\/museenarchivewissenschaft\/\">https:\/\/www.tirol.gv.at\/kunst-kultur\/kulturfoerderungen\/museenarchivewissenschaft\/<\/a><\/p>\n\n\n\n<h2 class=\"wp-block-heading\">Tiroler Wissenschaftsf\u00f6rderung (Honorare)<\/h2>\n\n\n\n<p>N\u00e4here Informationen dazu unter:\u00a0<a href=\"https:\/\/www.tirol.gv.at\/arbeit-wirtschaft\/wirtschaft-und-arbeit\/foerderungen\/wissenschaft-forschung\/tiroler-wissenschaftsfoerderung\/\">https:\/\/www.tirol.gv.at\/arbeit-wirtschaft\/wirtschaft-und-arbeit\/foerderungen\/wissenschaft-forschung\/tiroler-wissenschaftsfoerderung\/<\/a><\/p>\n\n\n\n<h2 class=\"wp-block-heading\">Kongressf\u00f6rderung der Stadt Innsbruck (Tourismusbezug)<\/h2>\n\n\n\n<p>N\u00e4here Informationen dazu unter:&nbsp;<a href=\"http:\/\/meeting.innsbruck.info\/kongresse\/kongressfoerderung.html\">http:\/\/meeting.innsbruck.info\/kongresse\/kongressfoerderung.html<\/a><\/p>\n\n\n\n<h2 class=\"wp-block-heading\">\u00d6FG \u2013\u00d6sterreichische Forschungsgemeinschaft (Reisemittel f\u00fcr Auslandsreisen und f\u00fcr die Einladung von Wissenschaftlern nach \u00d6sterreich)<\/h2>\n\n\n\n<p>F\u00f6rderprogramm: Internationale Kommunikation<br>N\u00e4here Informationen dazu unter:&nbsp;<a href=\"http:\/\/www.oefg.at\/de\/foerderungen\/internationale-kommunikation\/\">http:\/\/www.oefg.at\/de\/foerderungen\/internationale-kommunikation\/<\/a><\/p>\n","protected":false},"excerpt":{"rendered":"<p>Weitere F\u00f6rderungen Landesf\u00f6rderung Tagungen mit Tirolbezug (inhaltlich, institutionell oder personell\/biographisch)N\u00e4here Informationen dazu unter:\u00a0https:\/\/www.tirol.gv.at\/kunst-kultur\/kulturfoerderungen\/museenarchivewissenschaft\/ Tiroler Wissenschaftsf\u00f6rderung (Honorare) N\u00e4here Informationen dazu unter:\u00a0https:\/\/www.tirol.gv.at\/arbeit-wirtschaft\/wirtschaft-und-arbeit\/foerderungen\/wissenschaft-forschung\/tiroler-wissenschaftsfoerderung\/ Kongressf\u00f6rderung der Stadt Innsbruck (Tourismusbezug) N\u00e4here Informationen dazu unter:&nbsp;http:\/\/meeting.innsbruck.info\/kongresse\/kongressfoerderung.html \u00d6FG \u2013\u00d6sterreichische Forschungsgemeinschaft (Reisemittel f\u00fcr Auslandsreisen und f\u00fcr die Einladung von Wissenschaftlern nach \u00d6sterreich) F\u00f6rderprogramm: Internationale KommunikationN\u00e4here Informationen dazu unter:&nbsp;http:\/\/www.oefg.at\/de\/foerderungen\/internationale-kommunikation\/<\/p>\n","protected":false},"author":7,"featured_media":0,"parent":0,"menu_order":0,"comment_status":"closed","ping_status":"closed","template":"","meta":{"episode_type":"","audio_file":"","podmotor_file_id":"","podmotor_episode_id":"","cover_image":"","cover_image_id":"","duration":"","filesize":"","filesize_raw":"","date_recorded":"","explicit":"","block":"","itunes_episode_number":"","itunes_title":"","itunes_season_number":"","itunes_episode_type":"","_themeisle_gutenberg_block_has_review":false,"footnotes":""},"class_list":["post-2009","page","type-page","status-publish","hentry"],"_links":{"self":[{"href":"https:\/\/events.i-med.ac.at\/all\/wp-json\/wp\/v2\/pages\/2009","targetHints":{"allow":["GET"]}}],"collection":[{"href":"https:\/\/events.i-med.ac.at\/all\/wp-json\/wp\/v2\/pages"}],"about":[{"href":"https:\/\/events.i-med.ac.at\/all\/wp-json\/wp\/v2\/types\/page"}],"author":[{"embeddable":true,"href":"https:\/\/events.i-med.ac.at\/all\/wp-json\/wp\/v2\/users\/7"}],"replies":[{"embeddable":true,"href":"https:\/\/events.i-med.ac.at\/all\/wp-json\/wp\/v2\/comments?post=2009"}],"version-history":[{"count":2,"href":"https:\/\/events.i-med.ac.at\/all\/wp-json\/wp\/v2\/pages\/2009\/revisions"}],"predecessor-version":[{"id":2013,"href":"https:\/\/events.i-med.ac.at\/all\/wp-json\/wp\/v2\/pages\/2009\/revisions\/2013"}],"wp:attachment":[{"href":"https:\/\/events.i-med.ac.at\/all\/wp-json\/wp\/v2\/media?parent=2009"}],"curies":[{"name":"wp","href":"https:\/\/api.w.org\/{rel}","templated":true}]}}