{"id":1987,"date":"2025-01-30T15:35:36","date_gmt":"2025-01-30T14:35:36","guid":{"rendered":"https:\/\/events.i-med.ac.at\/all\/?page_id=1987"},"modified":"2026-01-21T16:56:47","modified_gmt":"2026-01-21T15:56:47","slug":"akademische-festakte","status":"publish","type":"page","link":"https:\/\/events.i-med.ac.at\/all\/akademische-festakte\/","title":{"rendered":"Akademische Festakte"},"content":{"rendered":"<div class=\"n2_clear\"><ss3-force-full-width data-overflow-x=\"body\" data-horizontal-selector=\"body\"><div class=\"n2-section-smartslider fitvidsignore  n2_clear\" data-ssid=\"3\"><div id=\"n2-ss-3-align\" class=\"n2-ss-align\"><div class=\"n2-padding\"><div id=\"n2-ss-3\" data-creator=\"Smart Slider 3\" data-responsive=\"fullwidth\" class=\"n2-ss-slider n2-ow n2-has-hover n2notransition  \">\n        <div class=\"n2-ss-slider-1 n2_ss__touch_element n2-ow\">\n            <div class=\"n2-ss-slider-2 n2-ow\">\n                                                <div class=\"n2-ss-slider-3 n2-ow\">\n\n                    <div class=\"n2-ss-slide-backgrounds n2-ow-all\"><div class=\"n2-ss-slide-background\" data-public-id=\"1\" data-mode=\"fill\"><div class=\"n2-ss-slide-background-image\" data-blur=\"0\" data-opacity=\"100\" data-x=\"50\" data-y=\"50\" data-alt=\"\" data-title=\"\"><picture class=\"skip-lazy\" data-skip-lazy=\"1\"><img decoding=\"async\" src=\"\/\/events.i-med.ac.at\/all\/wp-content\/uploads\/2025\/01\/pr_events_header_v1.jpg\" alt=\"\" title=\"\" loading=\"lazy\" class=\"skip-lazy\" data-skip-lazy=\"1\"><\/picture><\/div><div data-color=\"RGBA(255,255,255,0)\" style=\"background-color: RGBA(255,255,255,0);\" class=\"n2-ss-slide-background-color\"><\/div><\/div><\/div>                    <div class=\"n2-ss-slider-4 n2-ow\">\n                        <svg xmlns=\"http:\/\/www.w3.org\/2000\/svg\" viewBox=\"0 0 2000 400\" data-related-device=\"desktopPortrait\" class=\"n2-ow n2-ss-preserve-size n2-ss-preserve-size--slider n2-ss-slide-limiter\"><\/svg><div data-first=\"1\" data-slide-duration=\"0\" data-id=\"4\" data-slide-public-id=\"1\" data-title=\"pr_events_header_v1\" class=\"n2-ss-slide n2-ow  n2-ss-slide-4\"><div role=\"note\" class=\"n2-ss-slide--focus\" tabindex=\"-1\">pr_events_header_v1<\/div><div class=\"n2-ss-layers-container n2-ss-slide-limiter n2-ow\"><div class=\"n2-ss-layer n2-ow n-uc-pu0r9PmmvkAP\" data-sstype=\"slide\" data-pm=\"default\"><\/div><\/div><\/div>                    <\/div>\n\n                                    <\/div>\n            <\/div>\n        <\/div>\n        <\/div><ss3-loader><\/ss3-loader><\/div><\/div><div class=\"n2_clear\"><\/div><\/div><\/ss3-force-full-width><\/div>\n\n\n<h1 class=\"wp-block-heading has-text-align-center pt-5\">Akademische Festakte<\/h1>\n\n\n\n<p>Akademische Feiern wie Sponsionen oder Promotionen bilden f\u00fcr Absolvent:innen und deren Angeh\u00f6rige den feierlichen Abschluss eines Studiums. Im Rahmen einer weiteren regelm\u00e4\u00dfigen Veranstaltung, dem Science Day, zeigt die Medizinische Universit\u00e4t anl\u00e4sslich der Verleihung der venia docendi (Lehrbefugnis) dem wissenschaftlichen Nachwuchs ihre Wertsch\u00e4tzung. Im Rahmen des Gro\u00dfen Ehrungstages w\u00fcrdigt die Medizinische Universit\u00e4t Innsbruck herausragende Pers\u00f6nlichkeiten f\u00fcr ihre besonderen Verdienste um die<br>Universit\u00e4t.<\/p>\n\n\n\n<div id=\"wp-block-themeisle-blocks-advanced-columns-c046ce81\" class=\"wp-block-themeisle-blocks-advanced-columns has-1-columns has-desktop-oneTwo-layout has-tablet-equal-layout has-mobile-collapsedRows-layout has-vertical-unset\"><div class=\"wp-block-themeisle-blocks-advanced-columns-overlay\"><\/div><div class=\"innerblocks-wrap\">\n<div id=\"wp-block-themeisle-blocks-advanced-column-73c82c04\" class=\"wp-block-themeisle-blocks-advanced-column\">\n<ul class=\"wp-block-list\">\n<li><a href=\"https:\/\/www.i-med.ac.at\/mypoint\/news\/713677.html\">Inauguration<\/a><\/li>\n\n\n\n<li><a href=\"https:\/\/events.i-med.ac.at\/all\/anmeldung-zum-science-day\/\">Science Day<\/a><\/li>\n\n\n\n<li><a href=\"https:\/\/www.i-med.ac.at\/studium\/akademische_feiern\/\">Sponsionen \/ Promotionen<\/a><\/li>\n\n\n\n<li><a href=\"https:\/\/events.i-med.ac.at\/all\/preisverleihungen\/\">Preisverleihungen<\/a><\/li>\n\n\n\n<li><a href=\"https:\/\/www.i-med.ac.at\/universitaet\/geehrte.html\" target=\"_blank\" rel=\"noreferrer noopener\">Ehrungstag<\/a><\/li>\n\n\n\n<li><a href=\"https:\/\/www.i-med.ac.at\/mypoint\/news\/715576.html\">Sub Auspiciis<\/a><\/li>\n\n\n\n<li><a href=\"https:\/\/events.i-med.ac.at\/all\/antrittsvorlesungen\/\">Antrittsvorlesungen<\/a><\/li>\n<\/ul>\n<\/div>\n<\/div><\/div>\n\n\n\n<h2 class=\"wp-block-heading has-text-align-center\"><strong>Unserer Vortragsreihen und \u00f6ffentliche Veranstaltungen<\/strong><\/h2>\n\n\n\n<p>Auch an \u00f6ffentlichen Veranstaltungen wie der gr\u00f6\u00dften Wissenschaftsveranstaltung \u00d6sterreichs, die Lange Nacht der Forschung, und vielen weiteren nimmt die Medizinische Universit\u00e4t Innsbruck teil. Die Bev\u00f6lkerung hat die Gelegenheit auf interessante und spannende Art und Weise einen Einblick in verschiedenste Disziplinen der Welt der Wissenschaft und Forschung einzutauchen.<\/p>\n\n\n\n<ul class=\"wp-block-list\">\n<li><a href=\"https:\/\/events.i-med.ac.at\/all\/woche-des-gehirns\/\">Woche des Gehirns<\/a><\/li>\n\n\n\n<li><a href=\"https:\/\/events.i-med.ac.at\/all\/event\/lange-nacht-der-forschung-2026\/\">Lange Nacht der Forschung<\/a><\/li>\n\n\n\n<li><a href=\"https:\/\/events.i-med.ac.at\/all\/wissenschafftgesundheit\/\">Wissen|schaf(f)t Gesundheit<\/a><\/li>\n\n\n\n<li><a href=\"https:\/\/www.uibk.ac.at\/tht\/\" target=\"_blank\" rel=\"noreferrer noopener\">Tiroler Hochschultag<\/a><\/li>\n\n\n\n<li><a href=\"https:\/\/www.i-med.ac.at\/mypoint\/thema\/728421.html\">Fest der Wissenschaft<\/a><\/li>\n<\/ul>\n","protected":false},"excerpt":{"rendered":"<p>Akademische Festakte Akademische Feiern wie Sponsionen oder Promotionen bilden f\u00fcr Absolvent:innen und deren Angeh\u00f6rige den feierlichen Abschluss eines Studiums. Im Rahmen einer weiteren regelm\u00e4\u00dfigen Veranstaltung, dem Science Day, zeigt die Medizinische Universit\u00e4t anl\u00e4sslich der Verleihung der venia docendi (Lehrbefugnis) dem wissenschaftlichen Nachwuchs ihre Wertsch\u00e4tzung. Im Rahmen des Gro\u00dfen Ehrungstages w\u00fcrdigt die Medizinische Universit\u00e4t Innsbruck herausragende [&hellip;]<\/p>\n","protected":false},"author":3,"featured_media":0,"parent":0,"menu_order":0,"comment_status":"closed","ping_status":"closed","template":"","meta":{"episode_type":"","audio_file":"","podmotor_file_id":"","podmotor_episode_id":"","cover_image":"","cover_image_id":"","duration":"","filesize":"","filesize_raw":"","date_recorded":"","explicit":"","block":"","itunes_episode_number":"","itunes_title":"","itunes_season_number":"","itunes_episode_type":"","_themeisle_gutenberg_block_has_review":false,"footnotes":""},"class_list":["post-1987","page","type-page","status-publish","hentry"],"_links":{"self":[{"href":"https:\/\/events.i-med.ac.at\/all\/wp-json\/wp\/v2\/pages\/1987","targetHints":{"allow":["GET"]}}],"collection":[{"href":"https:\/\/events.i-med.ac.at\/all\/wp-json\/wp\/v2\/pages"}],"about":[{"href":"https:\/\/events.i-med.ac.at\/all\/wp-json\/wp\/v2\/types\/page"}],"author":[{"embeddable":true,"href":"https:\/\/events.i-med.ac.at\/all\/wp-json\/wp\/v2\/users\/3"}],"replies":[{"embeddable":true,"href":"https:\/\/events.i-med.ac.at\/all\/wp-json\/wp\/v2\/comments?post=1987"}],"version-history":[{"count":20,"href":"https:\/\/events.i-med.ac.at\/all\/wp-json\/wp\/v2\/pages\/1987\/revisions"}],"predecessor-version":[{"id":3039,"href":"https:\/\/events.i-med.ac.at\/all\/wp-json\/wp\/v2\/pages\/1987\/revisions\/3039"}],"wp:attachment":[{"href":"https:\/\/events.i-med.ac.at\/all\/wp-json\/wp\/v2\/media?parent=1987"}],"curies":[{"name":"wp","href":"https:\/\/api.w.org\/{rel}","templated":true}]}}