{"id":1783,"date":"2025-01-28T10:41:07","date_gmt":"2025-01-28T09:41:07","guid":{"rendered":"https:\/\/events.i-med.ac.at\/all\/?page_id=1783"},"modified":"2026-01-22T08:18:08","modified_gmt":"2026-01-22T07:18:08","slug":"veranstaltungsanfrage","status":"publish","type":"page","link":"https:\/\/events.i-med.ac.at\/all\/veranstaltungsanfrage\/","title":{"rendered":"Veranstaltungsanfrage"},"content":{"rendered":"\n<h1 class=\"wp-block-heading pt-5\">Wie plane ich eine Veranstaltung an der Medizinischen Universit\u00e4t Innsbruck?<\/h1>\n\n\n\n<p>Bitte beachten Sie bei der Planung einer Veranstaltung die Angaben aus dem&nbsp;<a href=\"https:\/\/events.i-med.ac.at\/all\/wp-content\/uploads\/2025\/01\/Final__Handbuch-VA-Endfassung_Genehmigung_Rektoratsteam.pdf\">Veranstaltungshandbuch der Medizinischen Universit\u00e4t Innsbruck.<\/a><\/p>\n\n\n\n<h2 class=\"wp-block-heading\">Schritt 1: Ansuchen zur Genehmigung einer Veranstaltung<\/h2>\n\n\n\n<p>Das Ansuchen zur Genehmigung der Durchf\u00fchrung einer Veranstaltung ist bei der Abteilung Public Relations und Medien einzureichen. Das vollst\u00e4ndig ausgef\u00fcllte Formular muss f\u00fcr eine Veranstaltung mit einer Teilnehmer:innenzahl von \u00fcber 100 Personen mindestens sechs Monate im Voraus einlangen. Bei einer Veranstaltung mit einer geringeren Teilnehmer:innenzahl mindestens sechs Wochen.<\/p>\n\n\n\n<div class=\"wp-block-buttons is-layout-flex wp-block-buttons-is-layout-flex\">\n<div class=\"wp-block-button\"><a class=\"wp-block-button__link has-background wp-element-button\" href=\"https:\/\/events.i-med.ac.at\/all\/veranstaltungsanfrage-formular\/\" style=\"background-color:#357991\">Online-Anmeldeformular f\u00fcr Veranstaltungen<\/a><\/div>\n<\/div>\n\n\n\n<p><\/p>\n\n\n\n<h2 class=\"wp-block-heading\">Schritt 2: Raumbuchung<\/h2>\n\n\n\n<p>Die Raumbuchung f\u00fcr Veranstaltungen erfolgt durch die Abteilung Public Relations und Medien. Eventuelle notwendige weitere Genehmigungen und Raumbuchungen bei Partnern (z. B. Leopold-Franzens-Universit\u00e4t Innsbruck, Tirol Kliniken) werden durch die Abteilung Public Relations und Medien vorgenommen.<\/p>\n\n\n\n<h2 class=\"wp-block-heading\">Schritt 3: Weiter Informationen<\/h2>\n\n\n\n<p>Nach Beurteilung des vorliegenden Ansuchens durch die Abteilung Public Relations und Medien, erhalten Sie weitere Informationen zu den gegebenenfalls anfallenden Kosten sowie zur weiteren Durchf\u00fchrung. Zur Erhebung der f\u00fcr die Durchf\u00fchrung der Veranstaltungen zu treffenden Ma\u00dfnahmen und deren zeitlichen Ablauf wird gegebenenfalls eine Besprechung organisiert.<\/p>\n\n\n\n<p>Alle weiteren relevanten Bestimmungen entnehmen Sie dem&nbsp;Veranstaltungshandbuch der Medizinischen Universit\u00e4t Innsbruck.<\/p>\n","protected":false},"excerpt":{"rendered":"<p>Wie plane ich eine Veranstaltung an der Medizinischen Universit\u00e4t Innsbruck? Bitte beachten Sie bei der Planung einer Veranstaltung die Angaben aus dem&nbsp;Veranstaltungshandbuch der Medizinischen Universit\u00e4t Innsbruck. Schritt 1: Ansuchen zur Genehmigung einer Veranstaltung Das Ansuchen zur Genehmigung der Durchf\u00fchrung einer Veranstaltung ist bei der Abteilung Public Relations und Medien einzureichen. Das vollst\u00e4ndig ausgef\u00fcllte Formular muss [&hellip;]<\/p>\n","protected":false},"author":7,"featured_media":0,"parent":0,"menu_order":0,"comment_status":"closed","ping_status":"closed","template":"","meta":{"episode_type":"","audio_file":"","podmotor_file_id":"","podmotor_episode_id":"","cover_image":"","cover_image_id":"","duration":"","filesize":"","filesize_raw":"","date_recorded":"","explicit":"","block":"","itunes_episode_number":"","itunes_title":"","itunes_season_number":"","itunes_episode_type":"","_themeisle_gutenberg_block_has_review":false,"footnotes":""},"class_list":["post-1783","page","type-page","status-publish","hentry"],"_links":{"self":[{"href":"https:\/\/events.i-med.ac.at\/all\/wp-json\/wp\/v2\/pages\/1783","targetHints":{"allow":["GET"]}}],"collection":[{"href":"https:\/\/events.i-med.ac.at\/all\/wp-json\/wp\/v2\/pages"}],"about":[{"href":"https:\/\/events.i-med.ac.at\/all\/wp-json\/wp\/v2\/types\/page"}],"author":[{"embeddable":true,"href":"https:\/\/events.i-med.ac.at\/all\/wp-json\/wp\/v2\/users\/7"}],"replies":[{"embeddable":true,"href":"https:\/\/events.i-med.ac.at\/all\/wp-json\/wp\/v2\/comments?post=1783"}],"version-history":[{"count":10,"href":"https:\/\/events.i-med.ac.at\/all\/wp-json\/wp\/v2\/pages\/1783\/revisions"}],"predecessor-version":[{"id":3043,"href":"https:\/\/events.i-med.ac.at\/all\/wp-json\/wp\/v2\/pages\/1783\/revisions\/3043"}],"wp:attachment":[{"href":"https:\/\/events.i-med.ac.at\/all\/wp-json\/wp\/v2\/media?parent=1783"}],"curies":[{"name":"wp","href":"https:\/\/api.w.org\/{rel}","templated":true}]}}