{"id":1112,"date":"2024-05-07T12:57:35","date_gmt":"2024-05-07T10:57:35","guid":{"rendered":"https:\/\/events.i-med.ac.at\/all\/?page_id=1112"},"modified":"2026-03-05T11:46:13","modified_gmt":"2026-03-05T10:46:13","slug":"wissenschafftgesundheit","status":"publish","type":"page","link":"https:\/\/events.i-med.ac.at\/all\/wissenschafftgesundheit\/","title":{"rendered":"Wissen|schaf(f)t Gesundheit"},"content":{"rendered":"\n<div class=\"wp-block-columns is-layout-flex wp-container-core-columns-is-layout-9d6595d7 wp-block-columns-is-layout-flex\">\n<div class=\"wp-block-column pe-md-5 is-layout-flow wp-block-column-is-layout-flow\" style=\"flex-basis:80%\"><div class=\"wp-block-image pt-5\">\n<figure class=\"aligncenter size-medium\"><img loading=\"lazy\" decoding=\"async\" width=\"300\" height=\"127\" src=\"https:\/\/events.i-med.ac.at\/all\/wp-content\/uploads\/2025\/02\/logo_wiges_v2-300x127.png\" alt=\"\" class=\"wp-image-2464\" srcset=\"https:\/\/events.i-med.ac.at\/all\/wp-content\/uploads\/2025\/02\/logo_wiges_v2-300x127.png 300w, https:\/\/events.i-med.ac.at\/all\/wp-content\/uploads\/2025\/02\/logo_wiges_v2.png 500w\" sizes=\"auto, (max-width: 300px) 100vw, 300px\" \/><\/figure>\n<\/div>\n\n\n<div class=\"wp-block-columns p-3 is-layout-flex wp-container-core-columns-is-layout-9d6595d7 wp-block-columns-is-layout-flex\">\n<div class=\"wp-block-column is-layout-flow wp-block-column-is-layout-flow\" style=\"flex-basis:100%\">\n<h2 class=\"wp-block-heading has-text-align-left\">Aktuelle Vortragsreihe<\/h2>\n\n\n<div class=\"row wsg-cards mb-4\">\r\n  \t<div class=\"col-md-6 ps-0 pe-md-4\" style=\"min-height: 140px; background-image: url(https:\/\/events.i-med.ac.at\/all\/wp-content\/uploads\/2026\/03\/BD6B136C-2E7D-452A-8FAE-DCB2E3809622Endometriose_Adobe-Stock-1024x576.jpeg); background-size: cover; background-position: center center;\">\r\n\t \t<!-- <img decoding=\"async\" class=\"img-fluid\" src=\"https:\/\/events.i-med.ac.at\/all\/wp-content\/uploads\/2026\/03\/BD6B136C-2E7D-452A-8FAE-DCB2E3809622Endometriose_Adobe-Stock-1024x576.jpeg\" alt=\"\" \/> -->\r\n\t<\/div>\t\t\t\t\t\t\t\t\t\t\t\t\t\t\t\t\t\t\t\t\t\t\t\t\t\t\t\t\t\t\t\t\t\t  \r\n    <div class=\"col-md-6 ps-md-4\">\r\n\t\t<div class=\"wsg-date pt-4\">Abgesagt\r\n\t\t\r\n\t\t\t<\/div>\r\n\t\t<h2>ABGESAGT: Endometriose &#8211; Therapiekonzepte vom Jugendalter bis zur Menopause<\/h2>\r\n\t\t\r\n    \t<div><p><strong style=\"color: rgb(68, 68, 68);\">Der Vortrag muss leider abgesagt werden.<\/strong><\/p>\n<p><\/p>\n<p><strong>Beata Seeber<\/strong> spricht in ihrem Vortrag \u00fcber Endometriose und wie sie sich von der Pubert\u00e4t bis zur Menopause zeigen kann und welche Behandlungsm\u00f6glichkeiten es in den verschiedenen Lebensphasen gibt.<\/p>\n<p><a href=\"https:\/\/events.i-med.ac.at\/all\/event\/endometriose-therapiekonzepte-vom-jugendalter-bis-zur-menopause\/\" rel=\"noopener noreferrer\" target=\"_blank\">Mehr Infos <\/a><\/p>\n<\/div>\r\n    \t\r\n  \t<\/div>\r\n<\/div><div class=\"row wsg-cards mb-4\">\r\n  \t<div class=\"col-md-6 ps-0 pe-md-4\" style=\"min-height: 140px; background-image: url(https:\/\/events.i-med.ac.at\/all\/wp-content\/uploads\/2026\/03\/IMG_257ECCAB9CB3-1.jpeg); background-size: cover; background-position: center center;\">\r\n\t \t<!-- <img decoding=\"async\" class=\"img-fluid\" src=\"https:\/\/events.i-med.ac.at\/all\/wp-content\/uploads\/2026\/03\/IMG_257ECCAB9CB3-1.jpeg\" alt=\"\" \/> -->\r\n\t<\/div>\t\t\t\t\t\t\t\t\t\t\t\t\t\t\t\t\t\t\t\t\t\t\t\t\t\t\t\t\t\t\t\t\t\t  \r\n    <div class=\"col-md-6 ps-md-4\">\r\n\t\t<div class=\"wsg-date pt-4\">20.05.2026, 18:30 Uhr\r\n\t\t\r\n\t\t\t<\/div>\r\n\t\t<h2>Herzinfarkt bei Frauen: Erkennen, rasches Handeln und Vorbeugen<\/h2>\r\n\t\t\r\n    \t<div><p><strong>Axel Bauer <\/strong>erkl\u00e4rt im Vortrag \u00fcber Herzinfarkte bei Frauen unter anderem, dass viele Betroffene nicht nur klassische Brustschmerzen haben, sondern auch \u00fcber Atemnot, \u00dcbelkeit, ungew\u00f6hnliche M\u00fcdigkeit, Schwindel oder Druck im Oberbauch berichten.<\/p>\n<p><a href=\"https:\/\/events.i-med.ac.at\/all\/event\/herzinfarkt-bei-frauen-erkennen-rasches-handeln-und-vorbeugen\/\" rel=\"noopener noreferrer\" target=\"_blank\">Mehr Infos <\/a><\/p>\n<\/div>\r\n    \t\r\n  \t<\/div>\r\n<\/div><div class=\"row wsg-cards mb-4\">\r\n  \t<div class=\"col-md-6 ps-0 pe-md-4\" style=\"min-height: 140px; background-image: url(https:\/\/events.i-med.ac.at\/all\/wp-content\/uploads\/2025\/10\/Bild-WiGes-24012026-1024x669.jpg); background-size: cover; background-position: center center;\">\r\n\t \t<!-- <img decoding=\"async\" class=\"img-fluid\" src=\"https:\/\/events.i-med.ac.at\/all\/wp-content\/uploads\/2025\/10\/Bild-WiGes-24012026-1024x669.jpg\" alt=\"\" \/> -->\r\n\t<\/div>\t\t\t\t\t\t\t\t\t\t\t\t\t\t\t\t\t\t\t\t\t\t\t\t\t\t\t\t\t\t\t\t\t\t  \r\n    <div class=\"col-md-6 ps-md-4\">\r\n\t\t<div class=\"wsg-date pt-4\">18.06.2026, 19:00 Uhr\r\n\t\t\r\n\t\t\t<\/div>\r\n\t\t<h2>Die geheime Welt in uns &#8211; Wie Ern\u00e4hrung und Darmmikrobiota unsere Gesundheit steuern<\/h2>\r\n\t\t\r\n    \t<div><p><strong>Julian Schw\u00e4rzler<\/strong> zeigt im \u00f6ffentlichen Vortrag, wie Ern\u00e4hrung und Darmmikrobiom zusammenspielen und unsere Gesundheit weit \u00fcber den Darm hinaus steuern und erkl\u00e4rt, wie Ver\u00e4nderungen im Mikrobiom die Entstehung unterschiedlicher Erkrankungen beg\u00fcnstigt.<\/p>\n<p><a href=\"https:\/\/events.i-med.ac.at\/all\/event\/die-geheime-welt-in-uns-wie-ernaehrung-und-darmmikrobiota-unsere-gesundheit-steuern\/\" rel=\"noopener noreferrer\" target=\"_blank\">Mehr Infos<\/a><\/p>\n<\/div>\r\n    \t\r\n  \t<\/div>\r\n<\/div><\/div>\n<\/div>\n\n\n\n<h2 class=\"wp-block-heading has-text-align-left\">Nachschau<\/h2>\n\n\n<div class=\"container p-0 m-0 mb-5\">\n<div class=\"nachschau d-flex flex-wrap gap-3\"><div class=\"flex-grow-3 wsg-cards\">\r\n\t\t<a href=\"https:\/\/events.i-med.ac.at\/all\/event\/seltene-krankheiten-sind-nicht-so-selten\/\"><img decoding=\"async\" class=\"img-fluid\" src=\"https:\/\/events.i-med.ac.at\/all\/wp-content\/uploads\/2026\/02\/Seltene-Krankheiten_Adobe-Stock-scaled-e1775805854194-1024x714.jpg\" alt=\"\" \/><\/a>\r\n\t\t<div class=\"text-part\">\r\n\t\t\t<div class=\"wsg-date\">\r\n\t\t\t03.03.2026\r\n\t\t\r\n\t\t\t<\/div>\r\n\t\t\t<a href=\"https:\/\/events.i-med.ac.at\/all\/event\/seltene-krankheiten-sind-nicht-so-selten\/\"><h2>Daniela Karall: Seltene Krankheiten sind nicht so selten<\/h2><\/a>\r\n\t\t\t\r\n\t\t<\/div>\r\n\t\t\r\n    \t\r\n\t<\/div><div class=\"flex-grow-3 wsg-cards\">\r\n\t\t<a href=\"https:\/\/events.i-med.ac.at\/all\/event\/zu-klein-fuer-den-grossen-start-fruehchen-behandeln-und-begleiten\/\"><img decoding=\"async\" class=\"img-fluid\" src=\"https:\/\/events.i-med.ac.at\/all\/wp-content\/uploads\/2025\/07\/AdobeStock_431920443-1024x683.jpeg\" alt=\"\" \/><\/a>\r\n\t\t<div class=\"text-part\">\r\n\t\t\t<div class=\"wsg-date\">\r\n\t\t\t12.11.2025\r\n\t\t\r\n\t\t\t<\/div>\r\n\t\t\t<a href=\"https:\/\/events.i-med.ac.at\/all\/event\/zu-klein-fuer-den-grossen-start-fruehchen-behandeln-und-begleiten\/\"><h2>Ursula Kiechl-Kohlendorfer: Zu klein f\u00fcr den gro\u00dfen Start? Fr\u00fchchen behandeln und begleiten<\/h2><\/a>\r\n\t\t\t\r\n\t\t<\/div>\r\n\t\t\r\n    \t\r\n\t<\/div><div class=\"flex-grow-3 wsg-cards\">\r\n\t\t<a href=\"https:\/\/events.i-med.ac.at\/all\/event\/leben-im-wandel-die-wechseljahre-verstehen-und-selbst-gestalten\/\"><img decoding=\"async\" class=\"img-fluid\" src=\"https:\/\/events.i-med.ac.at\/all\/wp-content\/uploads\/2025\/07\/AdobeStock_279254512-1024x683.jpeg\" alt=\"\" \/><\/a>\r\n\t\t<div class=\"text-part\">\r\n\t\t\t<div class=\"wsg-date\">\r\n\t\t\t22.10.2025\r\n\t\t\r\n\t\t\t<\/div>\r\n\t\t\t<a href=\"https:\/\/events.i-med.ac.at\/all\/event\/leben-im-wandel-die-wechseljahre-verstehen-und-selbst-gestalten\/\"><h2>Bettina Toth: Leben im Wandel &#8211; Die Wechseljahre verstehen und selbst gestalten<\/h2><\/a>\r\n\t\t\t\r\n\t\t<\/div>\r\n\t\t\r\n    \t\r\n\t<\/div><div class=\"flex-grow-3 wsg-cards\">\r\n\t\t<a href=\"https:\/\/events.i-med.ac.at\/all\/event\/neustart-statt-stillstand-vorbeugung-und-therapie-nach-sportverletzungen-und-bei-arthrose\/\"><img decoding=\"async\" class=\"img-fluid\" src=\"https:\/\/events.i-med.ac.at\/all\/wp-content\/uploads\/2025\/07\/AdobeStock_589090351-1024x671.jpeg\" alt=\"\" \/><\/a>\r\n\t\t<div class=\"text-part\">\r\n\t\t\t<div class=\"wsg-date\">24.09.2025\r\n\t\t\r\n\t\t\t<\/div>\r\n\t\t\t<a href=\"https:\/\/events.i-med.ac.at\/all\/event\/neustart-statt-stillstand-vorbeugung-und-therapie-nach-sportverletzungen-und-bei-arthrose\/\"><h2>Felix Riechelmann: Neustart statt Stillstand &#8211; Vorbeugung und Therapie nach Sportverletzungen und bei Arthrose<\/h2><\/a>\r\n\t\t\t\r\n\t\t<\/div>\r\n\t\t\r\n    \t\r\n\t<\/div><div class=\"flex-grow-3 wsg-cards\">\r\n\t\t<a href=\"https:\/\/events.i-med.ac.at\/all\/event\/zellpiraten-im-koerper-warum-es-wichtig-ist-viren-zu-verstehen\/\"><img decoding=\"async\" class=\"img-fluid\" src=\"https:\/\/events.i-med.ac.at\/all\/wp-content\/uploads\/2025\/02\/3.jpg\" alt=\"\" \/><\/a>\r\n\t\t<div class=\"text-part\">\r\n\t\t\t<div class=\"wsg-date\">\r\n\t\t\t11.06.2025\r\n\t\t\r\n\t\t\t<\/div>\r\n\t\t\t<a href=\"https:\/\/events.i-med.ac.at\/all\/event\/zellpiraten-im-koerper-warum-es-wichtig-ist-viren-zu-verstehen\/\"><h2>Gisa Gerold: Zellpiraten im K\u00f6rper &#8211; Warum es wichtig ist, Viren zu verstehen<\/h2><\/a>\r\n\t\t\t\r\n\t\t<\/div>\r\n\t\t\r\n    \t\r\n\t<\/div><div class=\"flex-grow-3 wsg-cards\">\r\n\t\t<a href=\"https:\/\/events.i-med.ac.at\/all\/event\/wenn-der-kopf-nicht-zur-ruhe-kommt-migraene-und-andere-kopfschmerzen\/\"><img decoding=\"async\" class=\"img-fluid\" src=\"https:\/\/events.i-med.ac.at\/all\/wp-content\/uploads\/2025\/02\/WiGes-23.04.-Beitragsbild-2.jpg\" alt=\"\" \/><\/a>\r\n\t\t<div class=\"text-part\">\r\n\t\t\t<div class=\"wsg-date\">14.05.2025\r\n\t\t\r\n\t\t\t<\/div>\r\n\t\t\t<a href=\"https:\/\/events.i-med.ac.at\/all\/event\/wenn-der-kopf-nicht-zur-ruhe-kommt-migraene-und-andere-kopfschmerzen\/\"><h2>Gregor Br\u00f6ssner: Wenn der Kopf nicht zur Ruhe kommt \u2013 Migr\u00e4ne und andere Kopfschmerzen<\/h2><\/a>\r\n\t\t\t\r\n\t\t<\/div>\r\n\t\t\r\n    \t\r\n\t<\/div><div class=\"flex-grow-3 wsg-cards\">\r\n\t\t<a href=\"https:\/\/events.i-med.ac.at\/all\/event\/von-der-op-bis-zur-schmerztherapie-wie-die-anaesthesiologie-medizinische-behandlungen-praegt\/\"><img decoding=\"async\" class=\"img-fluid\" src=\"https:\/\/events.i-med.ac.at\/all\/wp-content\/uploads\/2025\/02\/WiGes-23.04.-Beitragsbild.jpg\" alt=\"\" \/><\/a>\r\n\t\t<div class=\"text-part\">\r\n\t\t\t<div class=\"wsg-date\">23.04.2025\r\n\t\t\r\n\t\t\t<\/div>\r\n\t\t\t<a href=\"https:\/\/events.i-med.ac.at\/all\/event\/von-der-op-bis-zur-schmerztherapie-wie-die-anaesthesiologie-medizinische-behandlungen-praegt\/\"><h2>Barbara Sinner: Von der OP bis zur Schmerztherapie &#8211; Wie die An\u00e4sthesiologie medizinische Behandlungen pr\u00e4gt<\/h2><\/a>\r\n\t\t\t\r\n\t\t<\/div>\r\n\t\t\r\n    \t\r\n\t<\/div><\/div><\/div>\n\n\n<h2 class=\"wp-block-heading has-text-align-left\">Archiv<\/h2>\n\n\n\n<p><a href=\"https:\/\/events.i-med.ac.at\/all\/rueckblick\/\" data-type=\"page\" data-id=\"385\">Alle vergangenen Wissen|schaf(f)t Gesundheit-Termine finden Sie im R\u00fcckblick.<\/a><\/p>\n<\/div>\n\n\n\n<div class=\"wp-block-column pt-5 is-layout-flow wp-block-column-is-layout-flow\" style=\"flex-basis:20%\">\n<div class=\"wp-block-buttons mb-5 is-layout-flex wp-block-buttons-is-layout-flex\">\n<div class=\"wp-block-button mt-5\"><a class=\"wp-block-button__link has-vivid-red-background-color has-background has-text-align-left wp-element-button\" href=\"https:\/\/mui.cloud.panopto.eu\/Panopto\/Portal\/Streaming\/WG\" style=\"border-radius:10px\" target=\"_blank\" rel=\"noreferrer noopener\">Hier geht es zum Livestream &amp; zur Nachschau!<\/a><\/div>\n<\/div>\n\n\n\n<h5 class=\"wp-block-heading pb-3\">Allgemeine Informationen<\/h5>\n\n\n\n<figure class=\"wp-block-image size-large\"><a href=\"https:\/\/events.i-med.ac.at\/all\/die-medizinische-universitaet-innsbruck\/\"><img loading=\"lazy\" decoding=\"async\" width=\"1024\" height=\"682\" src=\"https:\/\/events.i-med.ac.at\/all\/wp-content\/uploads\/2025\/02\/ueber_uni-1024x682.jpg\" alt=\"\" class=\"wp-image-2157\" style=\"aspect-ratio:1;object-fit:cover\" srcset=\"https:\/\/events.i-med.ac.at\/all\/wp-content\/uploads\/2025\/02\/ueber_uni-1024x682.jpg 1024w, https:\/\/events.i-med.ac.at\/all\/wp-content\/uploads\/2025\/02\/ueber_uni-300x200.jpg 300w, https:\/\/events.i-med.ac.at\/all\/wp-content\/uploads\/2025\/02\/ueber_uni-768x512.jpg 768w, https:\/\/events.i-med.ac.at\/all\/wp-content\/uploads\/2025\/02\/ueber_uni-1536x1024.jpg 1536w, https:\/\/events.i-med.ac.at\/all\/wp-content\/uploads\/2025\/02\/ueber_uni.jpg 2000w\" sizes=\"auto, (max-width: 1024px) 100vw, 1024px\" \/><\/a><\/figure>\n\n\n\n<h6 class=\"wp-block-heading pb-2\"><a href=\"https:\/\/events.i-med.ac.at\/all\/die-medizinische-universitaet-innsbruck\/\" data-type=\"page\" data-id=\"2152\">Die Medizinische Universit\u00e4t Innsbruck<\/a><\/h6>\n\n\n\n<p>Die Medizinische Universit\u00e4t Innsbruck ist eine Forschungsst\u00e4tte mit langer Tradition.<\/p>\n\n\n\n<hr class=\"wp-block-separator has-text-color has-vivid-red-color has-alpha-channel-opacity has-vivid-red-background-color has-background my-5\"\/>\n\n\n\n<figure class=\"wp-block-image size-full\"><img loading=\"lazy\" decoding=\"async\" width=\"800\" height=\"500\" src=\"https:\/\/events.i-med.ac.at\/all\/wp-content\/uploads\/2025\/02\/fit4study_02.-Oktober-2023_florianlechner.com_0Q2A6377-800x500-2.jpg\" alt=\"\" class=\"wp-image-2187\" style=\"aspect-ratio:1;object-fit:cover\" srcset=\"https:\/\/events.i-med.ac.at\/all\/wp-content\/uploads\/2025\/02\/fit4study_02.-Oktober-2023_florianlechner.com_0Q2A6377-800x500-2.jpg 800w, https:\/\/events.i-med.ac.at\/all\/wp-content\/uploads\/2025\/02\/fit4study_02.-Oktober-2023_florianlechner.com_0Q2A6377-800x500-2-300x188.jpg 300w, https:\/\/events.i-med.ac.at\/all\/wp-content\/uploads\/2025\/02\/fit4study_02.-Oktober-2023_florianlechner.com_0Q2A6377-800x500-2-768x480.jpg 768w\" sizes=\"auto, (max-width: 800px) 100vw, 800px\" \/><\/figure>\n\n\n\n<h6 class=\"wp-block-heading pb-2\"><a href=\"https:\/\/events.i-med.ac.at\/all\/wissen-schafft-gesundheit\/\" data-type=\"page\" data-id=\"2180\">Die Vortragsreihe<\/a><\/h6>\n\n\n\n<p>Medizinische Wissenschaft und Forschung gehen Hand in Hand mit Ihrer Gesundheit.<\/p>\n\n\n\n<hr class=\"wp-block-separator has-text-color has-vivid-red-color has-alpha-channel-opacity has-vivid-red-background-color has-background my-5\"\/>\n\n\n\n<figure class=\"wp-block-image size-full\"><a href=\"https:\/\/events.i-med.ac.at\/all\/der-veranstaltungsort\/\"><img loading=\"lazy\" decoding=\"async\" width=\"800\" height=\"500\" src=\"https:\/\/events.i-med.ac.at\/all\/wp-content\/uploads\/2025\/02\/med-uni-big-\u252c\u00ae-christian-flatscher-04-800x500-1.jpg\" alt=\"\" class=\"wp-image-2203\" style=\"aspect-ratio:1;object-fit:cover\" srcset=\"https:\/\/events.i-med.ac.at\/all\/wp-content\/uploads\/2025\/02\/med-uni-big-\u252c\u00ae-christian-flatscher-04-800x500-1.jpg 800w, https:\/\/events.i-med.ac.at\/all\/wp-content\/uploads\/2025\/02\/med-uni-big-\u252c\u00ae-christian-flatscher-04-800x500-1-300x188.jpg 300w, https:\/\/events.i-med.ac.at\/all\/wp-content\/uploads\/2025\/02\/med-uni-big-\u252c\u00ae-christian-flatscher-04-800x500-1-768x480.jpg 768w\" sizes=\"auto, (max-width: 800px) 100vw, 800px\" \/><\/a><\/figure>\n\n\n\n<h6 class=\"wp-block-heading pb-2\"><a href=\"https:\/\/events.i-med.ac.at\/all\/der-veranstaltungsort\/\" data-type=\"page\" data-id=\"2197\">Der Veranstaltungsort<\/a><\/h6>\n\n\n\n<p>Der Audimax ist der gr\u00f6\u00dfte und modernste H\u00f6rsaal an der Medizinischen Universit\u00e4t Innsbruck.<\/p>\n<\/div>\n<\/div>\n","protected":false},"excerpt":{"rendered":"<p>Aktuelle Vortragsreihe Nachschau Archiv Alle vergangenen Wissen|schaf(f)t Gesundheit-Termine finden Sie im R\u00fcckblick. Allgemeine Informationen Die Medizinische Universit\u00e4t Innsbruck Die Medizinische Universit\u00e4t Innsbruck ist eine Forschungsst\u00e4tte mit langer Tradition. Die Vortragsreihe Medizinische Wissenschaft und Forschung gehen Hand in Hand mit Ihrer Gesundheit. Der Veranstaltungsort Der Audimax ist der gr\u00f6\u00dfte und modernste H\u00f6rsaal an der Medizinischen Universit\u00e4t [&hellip;]<\/p>\n","protected":false},"author":3,"featured_media":0,"parent":0,"menu_order":0,"comment_status":"closed","ping_status":"closed","template":"","meta":{"episode_type":"","audio_file":"","podmotor_file_id":"","podmotor_episode_id":"","cover_image":"","cover_image_id":"","duration":"","filesize":"","filesize_raw":"","date_recorded":"","explicit":"","block":"","itunes_episode_number":"","itunes_title":"","itunes_season_number":"","itunes_episode_type":"","_themeisle_gutenberg_block_has_review":false,"footnotes":""},"class_list":["post-1112","page","type-page","status-publish","hentry"],"_links":{"self":[{"href":"https:\/\/events.i-med.ac.at\/all\/wp-json\/wp\/v2\/pages\/1112","targetHints":{"allow":["GET"]}}],"collection":[{"href":"https:\/\/events.i-med.ac.at\/all\/wp-json\/wp\/v2\/pages"}],"about":[{"href":"https:\/\/events.i-med.ac.at\/all\/wp-json\/wp\/v2\/types\/page"}],"author":[{"embeddable":true,"href":"https:\/\/events.i-med.ac.at\/all\/wp-json\/wp\/v2\/users\/3"}],"replies":[{"embeddable":true,"href":"https:\/\/events.i-med.ac.at\/all\/wp-json\/wp\/v2\/comments?post=1112"}],"version-history":[{"count":219,"href":"https:\/\/events.i-med.ac.at\/all\/wp-json\/wp\/v2\/pages\/1112\/revisions"}],"predecessor-version":[{"id":3213,"href":"https:\/\/events.i-med.ac.at\/all\/wp-json\/wp\/v2\/pages\/1112\/revisions\/3213"}],"wp:attachment":[{"href":"https:\/\/events.i-med.ac.at\/all\/wp-json\/wp\/v2\/media?parent=1112"}],"curies":[{"name":"wp","href":"https:\/\/api.w.org\/{rel}","templated":true}]}}